{"id":1485,"date":"2024-05-31T19:02:30","date_gmt":"2024-05-31T19:02:30","guid":{"rendered":"https:\/\/source.votematch.eu\/faq\/"},"modified":"2024-05-31T19:02:30","modified_gmt":"2024-05-31T19:02:30","slug":"faq","status":"publish","type":"page","link":"https:\/\/source.votematch.eu\/tr\/faq\/","title":{"rendered":"FAQ"},"content":{"rendered":"\n<h3 class=\"wp-block-heading\">Votemach Avrupa nedir?<\/h3>\n\n<p>VoteMatch Avrupa, AB se\u00e7imleri i\u00e7in bir ara\u00e7t\u0131r. Bu ara\u00e7 sayesinde se\u00e7menler AB&#8217;deki hangi siyasi partilerin kendi fikirlerine en uygun oldu\u011funu ke\u015ffedebileceklerdir. VoteMatch Avrupa&#8217;n\u0131n amac\u0131 vatanda\u015flar\u0131 Avrupa Parlamentosu se\u00e7imleri \u00f6ncesinde siyasi partilerin tutumlar\u0131 hakk\u0131nda bilgilendirmektir.<\/p>\n\n<h3 class=\"wp-block-heading\" id=\"mce_2\">Votematch Avrupa bildirilerinin konular\u0131 nas\u0131l belirlenmi\u015ftir?<\/h3>\n\n<p>VoteMatch Avrupa projesinin kat\u0131l\u0131mc\u0131 ulusal ortaklar\u0131, 2023 sonu ve 2024&#8217;\u00fcn ba\u015flar\u0131nda 25 ortak beyandan olu\u015fan bir liste haz\u0131rlad\u0131lar. Ortak beyanlar dizisi, Avrupa Parlamentosu&#8217;nun kararlar \u00fcretti\u011fi t\u00fcm alanlardaki \u00e7ok \u00e7e\u015fitli politika konular\u0131n\u0131 kapsar. A\u00e7\u0131klamalar, Avrupa Parlamentosu&#8217;nun \u00f6n\u00fcm\u00fczdeki d\u00f6nemdeki \u00f6nemli temalar\u0131na ve bu konular\u0131n \u00e7o\u011fu AB \u00fcye \u00fclkesindeki siyasi \u00f6nemine ili\u015fkin masa ba\u015f\u0131 ara\u015ft\u0131rmas\u0131na dayan\u0131r.<\/p>\n\n<h3 class=\"wp-block-heading\">Votematch Avrupa beyanlar\u0131 nas\u0131l se\u00e7ilir?<\/h3>\n\n<p>VoteMatch Avrupa projesinin kat\u0131l\u0131mc\u0131 ulusal ortaklar\u0131, \u00e7ok \u00e7e\u015fitli g\u00fcncel meseleleri kapsayan 25 a\u00e7\u0131klaman\u0131n yer ald\u0131\u011f\u0131 bir liste haz\u0131rlad\u0131lar. \u00dclkelerinde Avrupa se\u00e7imlerine kat\u0131lan t\u00fcm partilerden bu a\u00e7\u0131klamalara yan\u0131t vermelerini istediler. Her ulusal ortak, bu 25 beyandan en az 15&#8217;ini i\u00e7eren kendi Oy Pusulas\u0131 Uygulamas\u0131n\u0131 (OPU) yapar. Her orta\u011f\u0131n se\u00e7ti\u011fi ifadeler, s\u00f6z konusu \u00fcye devletle ne kadar ilgili olduklar\u0131na ve beyan\u0131n \u00fcye devletteki partiler aras\u0131nda ayr\u0131m yapmaya ne kadar yard\u0131mc\u0131 oldu\u011funa dayanmaktad\u0131r. Her ulusal OPU, ulusal ortak taraf\u0131ndan form\u00fcle edilen ek beyanlar\u0131 da i\u00e7erebilir.<\/p>\n\n<h3 class=\"wp-block-heading\">Votematch Avrupa gizlilik gereksinimlerini nas\u0131l ele al\u0131r?<\/h3>\n\n<p>VoteMatch Avrupa olarak gizlili\u011finizi \u00e7ok ciddiye al\u0131yoruz. Verileriniz g\u00fcvenli bir \u015fekilde i\u015flenir ve m\u00fcmk\u00fcn olan her yerde anonimle\u015ftirilir. VoteMatch Avrupa&#8217;n\u0131n ki\u015fisel verileri i\u015flemesi, Genel Veri Koruma Y\u00f6netmeli\u011fi dahil olmak \u00fczere ge\u00e7erli veri koruma mevzuat\u0131n\u0131n gerekliliklerine uygundur. Daha fazla bilgi i\u00e7in gizlilik bildiriminin tamam\u0131n\u0131 okuyunuz [ba\u011flant\u0131].<\/p>\n\n<h3 class=\"wp-block-heading\">VoteMatch Avrupa&#8217;y\u0131 kim finanse ediyor?<\/h3>\n\n<p>Her ulusal ortak, kendi oy pusulas\u0131 uygulamas\u0131n\u0131n (OPU) geli\u015ftirilmesini finanse eder. Avrupa VoteMatch, k\u0131smen Avrupa Siyasi Partileri ve Avrupa Siyasi Vak\u0131flar\u0131 Kurumu ile Berlin&#8217;deki Avrupa Evi taraf\u0131ndan finanse edilmektedir. Di\u011fer maliyetler ulusal ortaklar taraf\u0131ndan payla\u015f\u0131lmaktad\u0131r.<\/p>\n\n<h3 class=\"wp-block-heading\">VoteMatch Avrupa bilimsel bir ara\u00e7 m\u0131d\u0131r?<\/h3>\n\n<p>VoteMatch Avrupa, vatanda\u015flar\u0131 Avrupa Parlamentosu se\u00e7imleri hakk\u0131nda bilgilendirir ve farkl\u0131 \u00fclkelerde yar\u0131\u015fan partiler aras\u0131ndaki farkl\u0131l\u0131klar\u0131 g\u00f6sterir. Bilimsel bir ara\u00e7 de\u011fildir. G\u00f6sterilen sonu\u00e7lar, se\u00e7menlerin bilin\u00e7li bir oy verme s\u00fcrecine y\u00f6nelik kendi ara\u015ft\u0131rmalar\u0131n\u0131 ba\u015flatmalar\u0131 i\u00e7in bir \u00f6neri olarak de\u011ferlendirilmelidir.<\/p>\n","protected":false},"excerpt":{"rendered":"<p>Votemach Avrupa nedir? VoteMatch Avrupa, AB se\u00e7imleri i\u00e7in bir ara\u00e7t\u0131r. Bu ara\u00e7 sayesinde se\u00e7menler AB&#8217;deki hangi siyasi partilerin kendi fikirlerine en uygun oldu\u011funu ke\u015ffedebileceklerdir. VoteMatch Avrupa&#8217;n\u0131n amac\u0131 vatanda\u015flar\u0131 Avrupa Parlamentosu se\u00e7imleri \u00f6ncesinde siyasi partilerin tutumlar\u0131 hakk\u0131nda bilgilendirmektir. Votematch Avrupa bildirilerinin konular\u0131 nas\u0131l belirlenmi\u015ftir? VoteMatch Avrupa projesinin kat\u0131l\u0131mc\u0131 ulusal ortaklar\u0131, 2023 sonu ve 2024&#8217;\u00fcn ba\u015flar\u0131nda 25 [&hellip;]<\/p>\n","protected":false},"author":1,"featured_media":0,"parent":0,"menu_order":0,"comment_status":"closed","ping_status":"closed","template":"","meta":{"_acf_changed":false,"footnotes":""},"class_list":["post-1485","page","type-page","status-publish","hentry"],"acf":[],"_links":{"self":[{"href":"https:\/\/source.votematch.eu\/tr\/wp-json\/wp\/v2\/pages\/1485","targetHints":{"allow":["GET"]}}],"collection":[{"href":"https:\/\/source.votematch.eu\/tr\/wp-json\/wp\/v2\/pages"}],"about":[{"href":"https:\/\/source.votematch.eu\/tr\/wp-json\/wp\/v2\/types\/page"}],"author":[{"embeddable":true,"href":"https:\/\/source.votematch.eu\/tr\/wp-json\/wp\/v2\/users\/1"}],"replies":[{"embeddable":true,"href":"https:\/\/source.votematch.eu\/tr\/wp-json\/wp\/v2\/comments?post=1485"}],"version-history":[{"count":1,"href":"https:\/\/source.votematch.eu\/tr\/wp-json\/wp\/v2\/pages\/1485\/revisions"}],"predecessor-version":[{"id":1486,"href":"https:\/\/source.votematch.eu\/tr\/wp-json\/wp\/v2\/pages\/1485\/revisions\/1486"}],"wp:attachment":[{"href":"https:\/\/source.votematch.eu\/tr\/wp-json\/wp\/v2\/media?parent=1485"}],"curies":[{"name":"wp","href":"https:\/\/api.w.org\/{rel}","templated":true}]}}