{"id":1478,"date":"2024-05-31T18:48:47","date_gmt":"2024-05-31T18:48:47","guid":{"rendered":"https:\/\/source.votematch.eu\/europaparlamentsvalen\/"},"modified":"2024-05-31T18:48:48","modified_gmt":"2024-05-31T18:48:48","slug":"europaparlamentsvalen","status":"publish","type":"page","link":"https:\/\/source.votematch.eu\/sv\/europaparlamentsvalen\/","title":{"rendered":"Europaparlamentsvalen"},"content":{"rendered":"\n<h2 class=\"wp-block-heading\">Vad r\u00f6star vi p\u00e5 i Europaparlamentsvalet? <\/h2>\n\n<p>Under Europaparlamentsvalet v\u00e4ljer medborgarna ledam\u00f6ter av Europaparlamentet (MEP:er). Detta sker vart femte \u00e5r. Det senaste valet \u00e4gde rum 2019, n\u00e4sta \u00e4r i \u00e5r fr\u00e5n den 6 till den 9 juni 2024. Medborgarna r\u00f6star p\u00e5 politiker eller ett politiskt parti f\u00f6r att representera dem i Europaparlamentet. De r\u00f6star p\u00e5 partier som t\u00e4vlar mot varandra i deras land, de kan inte r\u00f6sta p\u00e5 partier i andra europeiska l\u00e4nder eller p\u00e5 en europeisk lista. Varje land har ett specifikt antal platser i Europaparlamentet.<\/p>\n\n<h2 class=\"wp-block-heading\">Vad g\u00f6r Europaparlamentet?<\/h2>\n\n<p>Europaparlamentet \u00e4r en av de viktigaste institutionerna i Europeiska unionen. Tillsammans med Europeiska kommissionen och Europeiska unionens r\u00e5d ansvarar den f\u00f6r att skapa lagstiftning som g\u00e4ller f\u00f6r hela Europeiska unionen. Dessutom v\u00e4ljer Europaparlamentet kommissionens ordf\u00f6rande, godk\u00e4nner EU:s budget tillsammans med Europeiska r\u00e5det och har flera andra uppgifter.<\/p>\n\n<h2 class=\"wp-block-heading\">Hur \u00e4r Europaparlamentet organiserat?<\/h2>\n\n<p>Europaparlamentet best\u00e5r av maximalt 750 ledam\u00f6ter och en ordf\u00f6rande. Detta antal best\u00e4ms f\u00f6re valet och \u00e4r satt till 720 ledam\u00f6ter f\u00f6r n\u00e4sta mandatperiod. Alla ledam\u00f6ter kommer att v\u00e4ljas under valet i juni. Varje medlemsstat f\u00e5r ett specifikt antal platser baserat p\u00e5 sin befolkningsstorlek. Medlemsstater har minst 6 och h\u00f6gst 96 platser i Europaparlamentet.<\/p>\n\n<h2 class=\"wp-block-heading\">Vad \u00e4r europeiska partier?<\/h2>\n\n<p>Medborgarna kan inte r\u00f6sta direkt p\u00e5 europeiska partier, men de existerar. De flesta nationella partier \u00e4r anslutna till ett av de tio europeiska politiska partierna. Dessa partier motsvarar i allm\u00e4nhet de politiska grupperna i Europaparlamentet, men inte helt och h\u00e5llet. Till exempel \u00e4r Europeiska gr\u00f6na partiet och Europeiska fria alliansen tv\u00e5 separata partier, men de bildar en grupp i parlamentet. Europeiska partier har blivit allt viktigare f\u00f6r samordningen mellan den nationella och europeiska niv\u00e5n, mellan EU-institutionerna och mellan deras MEP:er. Genom europeiska partier samordnas de politiska positionerna f\u00f6r deras MEP:er, vilket \u00f6kar deras inflytande.<\/p>\n","protected":false},"excerpt":{"rendered":"<p>Vad r\u00f6star vi p\u00e5 i Europaparlamentsvalet? Under Europaparlamentsvalet v\u00e4ljer medborgarna ledam\u00f6ter av Europaparlamentet (MEP:er). Detta sker vart femte \u00e5r. Det senaste valet \u00e4gde rum 2019, n\u00e4sta \u00e4r i \u00e5r fr\u00e5n den 6 till den 9 juni 2024. Medborgarna r\u00f6star p\u00e5 politiker eller ett politiskt parti f\u00f6r att representera dem i Europaparlamentet. De r\u00f6star p\u00e5 partier [&hellip;]<\/p>\n","protected":false},"author":3,"featured_media":0,"parent":0,"menu_order":0,"comment_status":"closed","ping_status":"closed","template":"templates\/about.php","meta":{"_acf_changed":false,"footnotes":""},"class_list":["post-1478","page","type-page","status-publish","hentry"],"acf":[],"_links":{"self":[{"href":"https:\/\/source.votematch.eu\/sv\/wp-json\/wp\/v2\/pages\/1478","targetHints":{"allow":["GET"]}}],"collection":[{"href":"https:\/\/source.votematch.eu\/sv\/wp-json\/wp\/v2\/pages"}],"about":[{"href":"https:\/\/source.votematch.eu\/sv\/wp-json\/wp\/v2\/types\/page"}],"author":[{"embeddable":true,"href":"https:\/\/source.votematch.eu\/sv\/wp-json\/wp\/v2\/users\/3"}],"replies":[{"embeddable":true,"href":"https:\/\/source.votematch.eu\/sv\/wp-json\/wp\/v2\/comments?post=1478"}],"version-history":[{"count":1,"href":"https:\/\/source.votematch.eu\/sv\/wp-json\/wp\/v2\/pages\/1478\/revisions"}],"predecessor-version":[{"id":1479,"href":"https:\/\/source.votematch.eu\/sv\/wp-json\/wp\/v2\/pages\/1478\/revisions\/1479"}],"wp:attachment":[{"href":"https:\/\/source.votematch.eu\/sv\/wp-json\/wp\/v2\/media?parent=1478"}],"curies":[{"name":"wp","href":"https:\/\/api.w.org\/{rel}","templated":true}]}}