{"id":1476,"date":"2024-05-31T18:42:05","date_gmt":"2024-05-31T18:42:05","guid":{"rendered":"https:\/\/source.votematch.eu\/vanliga-fragor\/"},"modified":"2024-05-31T18:42:05","modified_gmt":"2024-05-31T18:42:05","slug":"vanliga-fragor","status":"publish","type":"page","link":"https:\/\/source.votematch.eu\/sv\/vanliga-fragor\/","title":{"rendered":"Vanliga fr\u00e5gor"},"content":{"rendered":"\n<h3 class=\"wp-block-heading\">Vad \u00e4r VoteMatch Europe?<\/h3>\n\n<p>VoteMatch Europe \u00e4r ett pedagogiskt verktyg som kan anv\u00e4ndas f\u00f6r att informera medborgarna om valet till Europaparlamentet. Det till\u00e5ter medborgare att j\u00e4mf\u00f6ra sina nationella politiska inst\u00e4llningar med politiska partier i andra europeiska l\u00e4nder.<\/p>\n\n<h3 class=\"wp-block-heading\" id=\"mce_2\">Hur best\u00e4ms p\u00e5st\u00e5enden f\u00f6r VoteMatch Europe?<\/h3>\n\n<p>De deltagande nationella partnerorganisationerna i VoteMatch Europe-projektet f\u00f6rberedde en lista med 25 gemensamma p\u00e5st\u00e5enden under h\u00f6sten 2023 och b\u00f6rjan av 2024. Upps\u00e4ttningen av gemensamma p\u00e5st\u00e5enden t\u00e4cker ett brett spektrum av policyfr\u00e5gor inom alla omr\u00e5den som Europaparlamentet fattar beslut om. Uttalandena baserades p\u00e5 skrivbordsforskning om de viktiga teman f\u00f6r Europaparlamentet under den kommande perioden och den politiska relevansen av dessa fr\u00e5gor i de flesta EU-medlemsstater.<\/p>\n\n<h3 class=\"wp-block-heading\">Hur v\u00e4ljs VoteMatchs politiska p\u00e5st\u00e5enden?<\/h3>\n\n<p>De lokala partnerna i VoteMatch Europe projektet presenterade en lista med 16 politiska p\u00e5st\u00e5enden som t\u00e4ckte olika \u00e4mnen och problem. Dessa politiska p\u00e5st\u00e5enden har anv\u00e4nds i lokala valkompasser, eventuellt tillsammans med andra politiska p\u00e5st\u00e5enden.<\/p>\n\n<h3 class=\"wp-block-heading\">Hur hanterar VoteMatch Europe integritetsr\u00e4ttigheter?<\/h3>\n\n<p>VoteMatch Europe och de lokala partnerna har \u00e5tagit sig att noga se p\u00e5 integritetsfr\u00e5gor. Integritetspolicyn f\u00f6r votematch.eu informerar alla anv\u00e4ndare om hur vi tar hand om anv\u00e4ndarens integritet.<\/p>\n\n<h3 class=\"wp-block-heading\">Vem finansierade projektet?<\/h3>\n\n<p>Den huvudsakliga sponsor-organisationen \u00e4r BPB, Tysklands federation f\u00f6r samh\u00e4llsutbildning (German Federation for Civic Education). Den nederl\u00e4ndska partnern ProDemos &#8211; House for Democracy and the Rule of Law bidrog med projektledning. Goethe Institut tillhandah\u00f6ll \u00f6vers\u00e4ttningarna och st\u00f6det f\u00f6r att sprida verktyget.<\/p>\n\n<h3 class=\"wp-block-heading\">\u00c4r VoteMatch Europe ett vetenskapligt verktyg?<\/h3>\n\n<p>VoteMatch Europe informerar medborgarna om valen till Europaparlamentet och visar skillnader mellan de politiska partierna i olika l\u00e4nder. Det \u00e4r inte ett vetenskapligt verktyg, det resultat som visas ska betraktas som ett f\u00f6rslag f\u00f6r v\u00e4ljare att g\u00f6ra egen efterforskning f\u00f6r att g\u00f6ra ett informerat val vid r\u00f6stningen.<\/p>\n","protected":false},"excerpt":{"rendered":"<p>Vad \u00e4r VoteMatch Europe? VoteMatch Europe \u00e4r ett pedagogiskt verktyg som kan anv\u00e4ndas f\u00f6r att informera medborgarna om valet till Europaparlamentet. Det till\u00e5ter medborgare att j\u00e4mf\u00f6ra sina nationella politiska inst\u00e4llningar med politiska partier i andra europeiska l\u00e4nder. Hur best\u00e4ms p\u00e5st\u00e5enden f\u00f6r VoteMatch Europe? De deltagande nationella partnerorganisationerna i VoteMatch Europe-projektet f\u00f6rberedde en lista med 25 [&hellip;]<\/p>\n","protected":false},"author":1,"featured_media":0,"parent":0,"menu_order":0,"comment_status":"closed","ping_status":"closed","template":"","meta":{"_acf_changed":false,"footnotes":""},"class_list":["post-1476","page","type-page","status-publish","hentry"],"acf":[],"_links":{"self":[{"href":"https:\/\/source.votematch.eu\/sv\/wp-json\/wp\/v2\/pages\/1476","targetHints":{"allow":["GET"]}}],"collection":[{"href":"https:\/\/source.votematch.eu\/sv\/wp-json\/wp\/v2\/pages"}],"about":[{"href":"https:\/\/source.votematch.eu\/sv\/wp-json\/wp\/v2\/types\/page"}],"author":[{"embeddable":true,"href":"https:\/\/source.votematch.eu\/sv\/wp-json\/wp\/v2\/users\/1"}],"replies":[{"embeddable":true,"href":"https:\/\/source.votematch.eu\/sv\/wp-json\/wp\/v2\/comments?post=1476"}],"version-history":[{"count":1,"href":"https:\/\/source.votematch.eu\/sv\/wp-json\/wp\/v2\/pages\/1476\/revisions"}],"predecessor-version":[{"id":1477,"href":"https:\/\/source.votematch.eu\/sv\/wp-json\/wp\/v2\/pages\/1476\/revisions\/1477"}],"wp:attachment":[{"href":"https:\/\/source.votematch.eu\/sv\/wp-json\/wp\/v2\/media?parent=1476"}],"curies":[{"name":"wp","href":"https:\/\/api.w.org\/{rel}","templated":true}]}}