{"id":1547,"date":"2024-05-31T21:02:15","date_gmt":"2024-05-31T21:02:15","guid":{"rendered":"https:\/\/source.votematch.eu\/volitve-v-evropski-parlament\/"},"modified":"2024-05-31T21:02:16","modified_gmt":"2024-05-31T21:02:16","slug":"volitve-v-evropski-parlament","status":"publish","type":"page","link":"https:\/\/source.votematch.eu\/sl\/volitve-v-evropski-parlament\/","title":{"rendered":"Volitve v Evropski parlament"},"content":{"rendered":"\n<h2 class=\"wp-block-heading\">Za kaj glasujemo na evropskih volitvah?<\/h2>\n\n<p>Na evropskih volitvah dr\u017eavljani volijo \u010dlane Evropskega parlamenta. To se zgodi vsakih pet let. Zadnje volitve so bile leta 2019, naslednje pa bodo letos, od 6. do 9. 6. 2024. Dr\u017eavljani glasujejo za posamezne politike ali politi\u010dno stranko, za katere \u017eelijo, da jih zastopajo v Evropskem parlamentu. Med strankami in kandidati, ki nastopajo na volitvah v EP, lahko glasujejo le za tiste, ki prihajajo iz njihove dr\u017eave \u010dlanice, ne morejo pa glasovati za stranke v drugih evropskih dr\u017eavah ali za evropsko listo. Vsaka dr\u017eava ima dolo\u010deno \u0161tevilo sede\u017eev v Evropskem parlamentu.<\/p>\n\n<h2 class=\"wp-block-heading\">Kaj dela Evropski parlament?<\/h2>\n\n<p>Evropski parlament je ena najpomembnej\u0161ih institucij Evropske unije. Skupaj z Evropsko komisijo in Svetom Evropske unije sprejema zakonodajo, ki velja za celotno Evropsko unijo. Poleg tega Evropski parlament izvoli predsednika Komisije, skupaj s Svetom Evropske unije potrjuje evropski prora\u010dun in ima \u0161e ve\u010d drugih nalog.<\/p>\n\n<h2 class=\"wp-block-heading\">Kako je organiziran Evropski parlament?<\/h2>\n\n<p>Evropski parlament sestoji iz najve\u010d 750 poslancev in enega predsednika. To\u010dna \u0161tevilka je dolo\u010dena pred volitvami in je za naslednje obdobje parlamenta dolo\u010dena na 720. Vsi poslanci bodo izvoljeni na junijskih volitvah. Vsaki dr\u017eavi \u010dlanici pripada dolo\u010deno \u0161tevilo sede\u017eev glede na \u0161tevilo prebivalstva. Dr\u017eave \u010dlanice imajo v Evropskem parlamentu najmanj 6 in najve\u010d 96 sede\u017eev. Poslanci Evropskega parlamenta politi\u010dne skupine v EP tvorijo na podlagi skupnih politi\u010dnih ideologij, ne pa na podlagi nacionalnosti. Vsaka politi\u010dna skupina vklju\u010duje poslance iz razli\u010dnih dr\u017eav \u010dlanic, ki imajo podobna politi\u010dna stali\u0161\u010da.<\/p>\n\n<h2 class=\"wp-block-heading\">Kaj so evropske stranke?<\/h2>\n\n<p>Dr\u017eavljani ne morejo neposredno glasovati za evropske stranke, vendar te vseeno obstajajo. Ve\u010dina nacionalnih strank je povezanih z eno od desetih evropskih politi\u010dnih strank. Te stranke se na splo\u0161no ujemajo s politi\u010dnimi skupinami v Evropskem parlamentu, vendar ne povsem. Na primer: Evropska zelena stranka in Evropska svobodna zveza sta dve lo\u010deni stranki, vendar tvorita eno skupino v EP. Evropske stranke so postale vse pomembnej\u0161e pri usklajevanju med nacionalno in evropsko ravnjo, med institucijami EU in med njihovimi poslanci. Politi\u010dna stali\u0161\u010da njihovih poslancev so usklajena, kar pove\u010duje njihov vpliv.<\/p>\n","protected":false},"excerpt":{"rendered":"<p>Za kaj glasujemo na evropskih volitvah? Na evropskih volitvah dr\u017eavljani volijo \u010dlane Evropskega parlamenta. To se zgodi vsakih pet let. Zadnje volitve so bile leta 2019, naslednje pa bodo letos, od 6. do 9. 6. 2024. Dr\u017eavljani glasujejo za posamezne politike ali politi\u010dno stranko, za katere \u017eelijo, da jih zastopajo v Evropskem parlamentu. Med strankami [&hellip;]<\/p>\n","protected":false},"author":3,"featured_media":0,"parent":0,"menu_order":0,"comment_status":"closed","ping_status":"closed","template":"templates\/about.php","meta":{"_acf_changed":false,"footnotes":""},"class_list":["post-1547","page","type-page","status-publish","hentry"],"acf":[],"_links":{"self":[{"href":"https:\/\/source.votematch.eu\/sl\/wp-json\/wp\/v2\/pages\/1547","targetHints":{"allow":["GET"]}}],"collection":[{"href":"https:\/\/source.votematch.eu\/sl\/wp-json\/wp\/v2\/pages"}],"about":[{"href":"https:\/\/source.votematch.eu\/sl\/wp-json\/wp\/v2\/types\/page"}],"author":[{"embeddable":true,"href":"https:\/\/source.votematch.eu\/sl\/wp-json\/wp\/v2\/users\/3"}],"replies":[{"embeddable":true,"href":"https:\/\/source.votematch.eu\/sl\/wp-json\/wp\/v2\/comments?post=1547"}],"version-history":[{"count":1,"href":"https:\/\/source.votematch.eu\/sl\/wp-json\/wp\/v2\/pages\/1547\/revisions"}],"predecessor-version":[{"id":1548,"href":"https:\/\/source.votematch.eu\/sl\/wp-json\/wp\/v2\/pages\/1547\/revisions\/1548"}],"wp:attachment":[{"href":"https:\/\/source.votematch.eu\/sl\/wp-json\/wp\/v2\/media?parent=1547"}],"curies":[{"name":"wp","href":"https:\/\/api.w.org\/{rel}","templated":true}]}}