{"id":1545,"date":"2024-05-31T20:53:35","date_gmt":"2024-05-31T20:53:35","guid":{"rendered":"https:\/\/source.votematch.eu\/pogosta-vprasanja\/"},"modified":"2024-05-31T20:53:35","modified_gmt":"2024-05-31T20:53:35","slug":"pogosta-vprasanja","status":"publish","type":"page","link":"https:\/\/source.votematch.eu\/sl\/pogosta-vprasanja\/","title":{"rendered":"pogosta vpra\u0161anja"},"content":{"rendered":"\n<h3 class=\"wp-block-heading\">Kaj je VoteMatch Europe?<\/h3>\n\n<p>VoteMatch Europe je orodje za evropske volitve. Z njim lahko volivci odkrijejo, katerim politi\u010dnim strankam v EU so njihova stali\u0161\u010da najbolj podobna. Cilj VoteMatch Europe je seznanjati dr\u017eavljane s stali\u0161\u010di politi\u010dnih strank pred volitvami v Evropski parlament.<\/p>\n\n<h3 class=\"wp-block-heading\" id=\"mce_2\">Kako so dolo\u010dene teme izjav VoteMatch Europe?<\/h3>\n\n<p>Nacionalni partnerji projekta VoteMatch Europe so jeseni 2023 in na za\u010detku leta 2024 pripravili seznam 25 skupnih izjav. Sklop skupnih izjav zajema \u0161irok spekter politi\u010dnih vpra\u0161anj z vseh podro\u010dij, o katerih odlo\u010da Evropski parlament. Izjave temeljijo na poglobljenem raziskovanju pomembnih tem za Evropski parlament v prihodnjem obdobju in na politi\u010dni relevantnosti teh vpra\u0161anj v ve\u010dini dr\u017eav \u010dlanic EU.<\/p>\n\n<h3 class=\"wp-block-heading\">Kako so izbrane izjave VoteMatch Europe?<\/h3>\n\n<p>Nacionalni partnerji projekta VoteMatch Europe so pripravili seznam 25 izjav, ki pokrivajo \u0161irok spekter aktualnih tem in vpra\u0161anj. V svoji dr\u017eavi so vse stranke, ki sodelujejo na evropskih volitvah, prosili, naj se opredelijo do teh izjav. Vsak nacionalni partner je pripravil svojo lastno volilno aplikacijo, v katero je vklju\u010dil vsaj 15 od teh 25 izjav. Nacionalni partnerji so izjave izbrali na podlagi njihove pomembnosti za posamezno dr\u017eavo \u010dlanico, ne pa na podlagi tega, kako dobro bi lahko posamezna izjava pomagala razlikovati med strankami v tej dr\u017eavi. Vsaka nacionalna volilna aplikacija lahko vklju\u010duje tudi dodatne izjave, oblikovane s strani nacionalnega partnerja.<\/p>\n\n<h3 class=\"wp-block-heading\">Kako VoteMatch Europe ureja zahteve po zasebnosti?<\/h3>\n\n<p>Pri VoteMatch Europe tvojo zasebnost jemljemo zelo resno. Tvoji podatki se obdelujejo na varen na\u010din in so v najvi\u0161ji mo\u017eni meri anonimizirani. Obdelava osebnih podatkov s strani VoteMatch Europe upo\u0161teva zahteve veljavne zakonodaje o varstvu podatkov, vklju\u010dno s Splo\u0161no uredbo o varstvu podatkov. Za ve\u010d informacij preberi celotno izjavo o zasebnosti [link].<\/p>\n\n<h3 class=\"wp-block-heading\">Kdo financira VoteMatch Europe?<\/h3>\n\n<p>Vsak nacionalni partner financira razvoj volilne aplikacije v svoji dr\u017eavi. Evropski VoteMatch je delno financiran s strani Organa za evropske politi\u010dne stranke in evropske politi\u010dne fundacije ter Hi\u0161e Evrope v Berlinu. Ostali stro\u0161ki se delijo med nacionalnimi partnerji.<\/p>\n\n<h3 class=\"wp-block-heading\">Ali je VoteMatch Europe znanstveno orodje?<\/h3>\n\n<p>VoteMatch Europe seznanja dr\u017eavljane z volitvami v Evropski parlament in prikazuje razlike med strankami v razli\u010dnih dr\u017eavah. Ni znanstveno orodje. Prikazani rezultati lahko slu\u017eijo kot izhodi\u0161\u010de, s pomo\u010djo katerega lahko volivci za\u010dnejo raziskovati po svoje in na koncu sprejmejo informirano odlo\u010ditev o tem, komu dati svoj glas.<\/p>\n","protected":false},"excerpt":{"rendered":"<p>Kaj je VoteMatch Europe? VoteMatch Europe je orodje za evropske volitve. Z njim lahko volivci odkrijejo, katerim politi\u010dnim strankam v EU so njihova stali\u0161\u010da najbolj podobna. Cilj VoteMatch Europe je seznanjati dr\u017eavljane s stali\u0161\u010di politi\u010dnih strank pred volitvami v Evropski parlament. Kako so dolo\u010dene teme izjav VoteMatch Europe? Nacionalni partnerji projekta VoteMatch Europe so jeseni [&hellip;]<\/p>\n","protected":false},"author":1,"featured_media":0,"parent":0,"menu_order":0,"comment_status":"closed","ping_status":"closed","template":"","meta":{"_acf_changed":false,"footnotes":""},"class_list":["post-1545","page","type-page","status-publish","hentry"],"acf":[],"_links":{"self":[{"href":"https:\/\/source.votematch.eu\/sl\/wp-json\/wp\/v2\/pages\/1545","targetHints":{"allow":["GET"]}}],"collection":[{"href":"https:\/\/source.votematch.eu\/sl\/wp-json\/wp\/v2\/pages"}],"about":[{"href":"https:\/\/source.votematch.eu\/sl\/wp-json\/wp\/v2\/types\/page"}],"author":[{"embeddable":true,"href":"https:\/\/source.votematch.eu\/sl\/wp-json\/wp\/v2\/users\/1"}],"replies":[{"embeddable":true,"href":"https:\/\/source.votematch.eu\/sl\/wp-json\/wp\/v2\/comments?post=1545"}],"version-history":[{"count":1,"href":"https:\/\/source.votematch.eu\/sl\/wp-json\/wp\/v2\/pages\/1545\/revisions"}],"predecessor-version":[{"id":1546,"href":"https:\/\/source.votematch.eu\/sl\/wp-json\/wp\/v2\/pages\/1545\/revisions\/1546"}],"wp:attachment":[{"href":"https:\/\/source.votematch.eu\/sl\/wp-json\/wp\/v2\/media?parent=1545"}],"curies":[{"name":"wp","href":"https:\/\/api.w.org\/{rel}","templated":true}]}}