{"id":1573,"date":"2024-05-31T22:13:17","date_gmt":"2024-05-31T22:13:17","guid":{"rendered":"https:\/\/source.votematch.eu\/volby-do-europskeho-parlamentu\/"},"modified":"2024-05-31T22:13:18","modified_gmt":"2024-05-31T22:13:18","slug":"volby-do-europskeho-parlamentu","status":"publish","type":"page","link":"https:\/\/source.votematch.eu\/sk\/volby-do-europskeho-parlamentu\/","title":{"rendered":"Vo\u013eby do Eur\u00f3pskeho parlamentu"},"content":{"rendered":"\n<h2 class=\"wp-block-heading\">O \u010dom hlasujeme v eur\u00f3pskych vo\u013eb\u00e1ch?<\/h2>\n\n<p>Vo\u013eby do Eur\u00f3pskeho parlamentu sa konaj\u00fa ka\u017ed\u00fdch p\u00e4\u0165 rokov a volia sa v nich poslanci Eur\u00f3pskeho parlamentu (EP). Posledn\u00e9 vo\u013eby sa konali v roku 2019 a \u010fal\u0161ie sa uskuto\u010dnia tento rok, od 6. do 9. j\u00fana 2024.&#13;\nOb\u010dania si volia politikov alebo politick\u00e9 strany, ktor\u00e9 ich bud\u00fa zastupova\u0165 v Eur\u00f3pskom parlamente. Hlasuj\u00fa za strany, ktor\u00e9 s\u00fa\u0165a\u017eia v ich krajine, nem\u00f4\u017eu hlasova\u0165 za strany v in\u00fdch eur\u00f3pskych krajin\u00e1ch alebo za eur\u00f3psku listinu&#8230; Ka\u017ed\u00e1 krajina m\u00e1 v Eur\u00f3pskom parlamente ur\u010dit\u00fd po\u010det kresiel.<\/p>\n\n<h2 class=\"wp-block-heading\">\u010co rob\u00ed Eur\u00f3psky parlament?<\/h2>\n\n<p>Eur\u00f3psky parlament je jednou z najd\u00f4le\u017eitej\u0161\u00edch in\u0161tit\u00faci\u00ed Eur\u00f3pskej \u00fanie. Spolu s Eur\u00f3pskou komisiou a Radou Eur\u00f3pskej \u00fanie je zodpovedn\u00fd za tvorbu pr\u00e1vnych predpisov, ktor\u00e9 sa vz\u0165ahuj\u00fa na cel\u00fa Eur\u00f3psku \u00faniu. Okrem toho Eur\u00f3psky parlament vol\u00ed predsedu Komisie, spolu s Eur\u00f3pskou radou schva\u013euje eur\u00f3psky rozpo\u010det a m\u00e1 nieko\u013eko \u010fal\u0161\u00edch \u00faloh.<\/p>\n\n<h2 class=\"wp-block-heading\">Ako je organizovan\u00fd Eur\u00f3psky parlament?<\/h2>\n\n<p>Eur\u00f3psky parlament m\u00e1 maxim\u00e1lne 750 poslancov a jedn\u00e9ho predsedu. Tento po\u010det sa ur\u010duje pred vo\u013ebami a pre nasleduj\u00face volebn\u00e9 obdobie je stanoven\u00fd na 720 \u010dlenov. V\u0161etci \u010dlenovia bud\u00fa zvolen\u00ed po\u010das j\u00fanov\u00fdch volieb. Ka\u017ed\u00fd \u010dlensk\u00fd \u0161t\u00e1t dostane ur\u010dit\u00fd po\u010det kresiel na z\u00e1klade po\u010dtu obyvate\u013eov. \u010clensk\u00e9 \u0161t\u00e1ty maj\u00fa v Eur\u00f3pskom parlamente minim\u00e1lne 6 a maxim\u00e1lne 96 kresiel. &#13;\nPoslanci Eur\u00f3pskeho parlamentu (EP) tvoria v parlamente politick\u00e9 skupiny na z\u00e1klade spolo\u010dn\u00fdch politick\u00fdch ideol\u00f3gi\u00ed, a nie na z\u00e1klade \u0161t\u00e1tnej pr\u00edslu\u0161nosti. Ka\u017ed\u00e1 politick\u00e1 skupina preto zah\u0155\u0148a poslancov z r\u00f4znych \u010dlensk\u00fdch \u0161t\u00e1tov s podobn\u00fdmi politick\u00fdmi postojmi.<\/p>\n\n<h2 class=\"wp-block-heading\">\u010co s\u00fa eur\u00f3pske strany?<\/h2>\n\n<p>Ob\u010dania nem\u00f4\u017eu priamo voli\u0165 eur\u00f3pske strany, ale tie existuj\u00fa. V\u00e4\u010d\u0161ina n\u00e1rodn\u00fdch str\u00e1n je pridru\u017een\u00e1 k jednej z desiatich eur\u00f3pskych politick\u00fdch str\u00e1n. Tieto strany vo v\u0161eobecnosti zodpovedaj\u00fa politick\u00fdm skupin\u00e1m v Eur\u00f3pskom parlamente, ale nie \u00faplne. Napr\u00edklad Eur\u00f3pska strana zelen\u00fdch a Eur\u00f3pska slobodn\u00e1 aliancia s\u00fa dve samostatn\u00e9 strany, ale v Parlamente tvoria jednu skupinu. Eur\u00f3pske strany sa st\u00e1vaj\u00fa \u010doraz d\u00f4le\u017eitej\u0161\u00edmi pri koordin\u00e1cii medzi n\u00e1rodnou a eur\u00f3pskou \u00farov\u0148ou, medzi in\u0161tit\u00faciami E\u00da a medzi ich poslancami Eur\u00f3pskeho parlamentu. Prostredn\u00edctvom eur\u00f3pskych str\u00e1n sa zos\u00fala\u010fuj\u00fa politick\u00e9 postoje ich poslancov, \u010do zvy\u0161uje ich vplyv.<\/p>\n","protected":false},"excerpt":{"rendered":"<p>O \u010dom hlasujeme v eur\u00f3pskych vo\u013eb\u00e1ch? Vo\u013eby do Eur\u00f3pskeho parlamentu sa konaj\u00fa ka\u017ed\u00fdch p\u00e4\u0165 rokov a volia sa v nich poslanci Eur\u00f3pskeho parlamentu (EP). Posledn\u00e9 vo\u013eby sa konali v roku 2019 a \u010fal\u0161ie sa uskuto\u010dnia tento rok, od 6. do 9. j\u00fana 2024.&#13; Ob\u010dania si volia politikov alebo politick\u00e9 strany, ktor\u00e9 ich bud\u00fa zastupova\u0165 v [&hellip;]<\/p>\n","protected":false},"author":3,"featured_media":0,"parent":0,"menu_order":0,"comment_status":"closed","ping_status":"closed","template":"templates\/about.php","meta":{"_acf_changed":false,"footnotes":""},"class_list":["post-1573","page","type-page","status-publish","hentry"],"acf":[],"_links":{"self":[{"href":"https:\/\/source.votematch.eu\/sk\/wp-json\/wp\/v2\/pages\/1573","targetHints":{"allow":["GET"]}}],"collection":[{"href":"https:\/\/source.votematch.eu\/sk\/wp-json\/wp\/v2\/pages"}],"about":[{"href":"https:\/\/source.votematch.eu\/sk\/wp-json\/wp\/v2\/types\/page"}],"author":[{"embeddable":true,"href":"https:\/\/source.votematch.eu\/sk\/wp-json\/wp\/v2\/users\/3"}],"replies":[{"embeddable":true,"href":"https:\/\/source.votematch.eu\/sk\/wp-json\/wp\/v2\/comments?post=1573"}],"version-history":[{"count":1,"href":"https:\/\/source.votematch.eu\/sk\/wp-json\/wp\/v2\/pages\/1573\/revisions"}],"predecessor-version":[{"id":1574,"href":"https:\/\/source.votematch.eu\/sk\/wp-json\/wp\/v2\/pages\/1573\/revisions\/1574"}],"wp:attachment":[{"href":"https:\/\/source.votematch.eu\/sk\/wp-json\/wp\/v2\/media?parent=1573"}],"curies":[{"name":"wp","href":"https:\/\/api.w.org\/{rel}","templated":true}]}}