{"id":1571,"date":"2024-05-31T22:04:12","date_gmt":"2024-05-31T22:04:12","guid":{"rendered":"https:\/\/source.votematch.eu\/casto-kladene-otazky\/"},"modified":"2024-05-31T22:04:12","modified_gmt":"2024-05-31T22:04:12","slug":"casto-kladene-otazky","status":"publish","type":"page","link":"https:\/\/source.votematch.eu\/sk\/casto-kladene-otazky\/","title":{"rendered":"\u010casto kladen\u00e9 ot\u00e1zky"},"content":{"rendered":"\n<h3 class=\"wp-block-heading\">\u010co je to VoteMatch Europe?<\/h3>\n\n<p>VoteMatch Europe je n\u00e1stroj pre vo\u013eby do E\u00da. Pomocou tohto n\u00e1stroja m\u00f4\u017eu voli\u010di zisti\u0165, ktor\u00e9 politick\u00e9 strany v E\u00da najlep\u0161ie zodpovedaj\u00fa ich vlastn\u00fdm n\u00e1zorom. Cie\u013eom VoteMatch Europe je informova\u0165 ob\u010danov o postojoch politick\u00fdch str\u00e1n pred vo\u013ebami do Eur\u00f3pskeho parlamentu.<\/p>\n\n<h3 class=\"wp-block-heading\" id=\"mce_2\">Ako sa vyberaj\u00fa ot\u00e1zky pre VoteMatch Europe?<\/h3>\n\n<p>Po\u010das jesene 2023 a za\u010diatkom roka 2024 pripravili z\u00fa\u010dastnen\u00ed n\u00e1rodn\u00ed partneri VoteMatch Europe zoznam 25 spolo\u010dn\u00fdch ot\u00e1zok. S\u00fabor spolo\u010dn\u00fdch v\u00fdrokov pokr\u00fdva \u0161irok\u00fa \u0161k\u00e1lu politick\u00fdch ot\u00e1zok vo v\u0161etk\u00fdch oblastiach, o ktor\u00fdch rozhoduje Eur\u00f3psky parlament. Ot\u00e1zky vych\u00e1dzali z prieskumu dokumentov o d\u00f4le\u017eit\u00fdch ot\u00e1zkach pre Eur\u00f3psky parlament v nadch\u00e1dzaj\u00facom obdob\u00ed a politickej relevantnosti t\u00fdchto ot\u00e1zok vo v\u00e4\u010d\u0161ine \u010dlensk\u00fdch \u0161t\u00e1tov E\u00da.<\/p>\n\n<h3 class=\"wp-block-heading\">Ako sa vyberaj\u00fa ot\u00e1zky pre VoteMatch Europe?<\/h3>\n\n<p>Z\u00fa\u010dastnen\u00ed n\u00e1rodn\u00ed partneri projektu VoteMatch Europe vytvorili zoznam 25 vyhl\u00e1sen\u00ed, ktor\u00e9 pokr\u00fdvaj\u00fa r\u00f4zne aktu\u00e1lne t\u00e9my a probl\u00e9my. Po\u017eiadali v\u0161etky strany, ktor\u00e9 sa z\u00fa\u010dast\u0148uj\u00fa volieb do Eur\u00f3pskeho parlamentu v ich krajine, aby na tieto vyhl\u00e1senia reagovali.<\/p>\n\n<h3 class=\"wp-block-heading\">Ako VoteMatch Europe rie\u0161i po\u017eiadavky na ochranu osobn\u00fdch \u00fadajov?<\/h3>\n\n<p>My v VoteMatch Europe berieme va\u0161e s\u00fakromie ve\u013emi v\u00e1\u017ene. Va\u0161e \u00fadaje s\u00fa sprac\u00favan\u00e9 bezpe\u010dn\u00fdm sp\u00f4sobom a pod\u013ea mo\u017enosti anonymizovan\u00e9. VoteMatch Europe sprac\u00fava osobn\u00e9 \u00fadaje v s\u00falade s po\u017eiadavkami platn\u00fdch pr\u00e1vnych predpisov o ochrane \u00fadajov vr\u00e1tane v\u0161eobecn\u00e9ho nariadenia o ochrane \u00fadajov. Pre viac inform\u00e1ci\u00ed si pre\u010d\u00edtajte cel\u00e9 vyhl\u00e1senie o ochrane osobn\u00fdch \u00fadajov [link].<\/p>\n\n<h3 class=\"wp-block-heading\">Kto financuje VoteMatch Europe?<\/h3>\n\n<p>Ka\u017ed\u00fd n\u00e1rodn\u00fd partner financuje v\u00fdvoj vlastnej aplik\u00e1cie na hlasovania (VAA). Eur\u00f3psky VoteMatch \u010diasto\u010dne financuje \u00darad pre eur\u00f3pske politick\u00e9 strany a eur\u00f3pske politick\u00e9 nad\u00e1cie a Dom Eur\u00f3py v Berl\u00edne. O ostatn\u00e9 n\u00e1klady sa delia n\u00e1rodn\u00ed partneri.<\/p>\n\n<h3 class=\"wp-block-heading\">Je VoteMatch Europe vedeck\u00fd n\u00e1stroj?<\/h3>\n\n<p>VoteMatch Europe informuje ob\u010danov o vo\u013eb\u00e1ch do Eur\u00f3pskeho parlamentu a ukazuje rozdiely medzi s\u00fa\u0165a\u017eiacimi stranami v r\u00f4znych krajin\u00e1ch. Nie je to vedeck\u00fd n\u00e1stroj. Zobrazen\u00e9 v\u00fdsledky by sa mali pova\u017eova\u0165 za podnet pre voli\u010dov, aby za\u010dali vlastn\u00fd prieskum smeruj\u00faci k informovan\u00e9mu hlasovaniu.<\/p>\n","protected":false},"excerpt":{"rendered":"<p>\u010co je to VoteMatch Europe? VoteMatch Europe je n\u00e1stroj pre vo\u013eby do E\u00da. Pomocou tohto n\u00e1stroja m\u00f4\u017eu voli\u010di zisti\u0165, ktor\u00e9 politick\u00e9 strany v E\u00da najlep\u0161ie zodpovedaj\u00fa ich vlastn\u00fdm n\u00e1zorom. Cie\u013eom VoteMatch Europe je informova\u0165 ob\u010danov o postojoch politick\u00fdch str\u00e1n pred vo\u013ebami do Eur\u00f3pskeho parlamentu. Ako sa vyberaj\u00fa ot\u00e1zky pre VoteMatch Europe? Po\u010das jesene 2023 a [&hellip;]<\/p>\n","protected":false},"author":1,"featured_media":0,"parent":0,"menu_order":0,"comment_status":"closed","ping_status":"closed","template":"","meta":{"_acf_changed":false,"footnotes":""},"class_list":["post-1571","page","type-page","status-publish","hentry"],"acf":[],"_links":{"self":[{"href":"https:\/\/source.votematch.eu\/sk\/wp-json\/wp\/v2\/pages\/1571","targetHints":{"allow":["GET"]}}],"collection":[{"href":"https:\/\/source.votematch.eu\/sk\/wp-json\/wp\/v2\/pages"}],"about":[{"href":"https:\/\/source.votematch.eu\/sk\/wp-json\/wp\/v2\/types\/page"}],"author":[{"embeddable":true,"href":"https:\/\/source.votematch.eu\/sk\/wp-json\/wp\/v2\/users\/1"}],"replies":[{"embeddable":true,"href":"https:\/\/source.votematch.eu\/sk\/wp-json\/wp\/v2\/comments?post=1571"}],"version-history":[{"count":1,"href":"https:\/\/source.votematch.eu\/sk\/wp-json\/wp\/v2\/pages\/1571\/revisions"}],"predecessor-version":[{"id":1572,"href":"https:\/\/source.votematch.eu\/sk\/wp-json\/wp\/v2\/pages\/1571\/revisions\/1572"}],"wp:attachment":[{"href":"https:\/\/source.votematch.eu\/sk\/wp-json\/wp\/v2\/media?parent=1571"}],"curies":[{"name":"wp","href":"https:\/\/api.w.org\/{rel}","templated":true}]}}