{"id":1449,"date":"2024-05-31T15:48:16","date_gmt":"2024-05-31T15:48:16","guid":{"rendered":"https:\/\/source.votematch.eu\/faq\/"},"modified":"2024-05-31T15:48:17","modified_gmt":"2024-05-31T15:48:17","slug":"faq","status":"publish","type":"page","link":"https:\/\/source.votematch.eu\/ro\/faq\/","title":{"rendered":"FAQ"},"content":{"rendered":"\n<h3 class=\"wp-block-heading\">Ce este VoteMatch Europe?<\/h3>\n\n<p>VoteMatch Europe este un instrument pentru alegerile UE. Cu acest instrument, aleg\u0103torii pot descoperi care partide politice din UE se potrivesc cel mai bine cu propriile opinii. Obiectivul VoteMatch Europe este de a informa cet\u0103\u021benii despre pozi\u021biile partidelor politice \u00een perioada premerg\u0103toare alegerilor pentru Parlamentul European.<\/p>\n\n<h3 class=\"wp-block-heading\" id=\"mce_2\">Cum sunt decise subiectele declara\u021biilor VoteMatch Europe?<\/h3>\n\n<p>Partenerii na\u021bionali participan\u021bi la proiectul VoteMatch Europe au preg\u0103tit o list\u0103 de 25 de declara\u021bii comune \u00een toamna anului 2023, \u0219i \u00eenceputul anului 2024. Setul de declara\u021bii comune acoper\u0103 o gam\u0103 larg\u0103 de probleme de politic\u0103 \u00een toate domeniile asupra c\u0103rora Parlamentul European decide. Declara\u021biile s-au bazat pe cercetarea documentar\u0103 a temelor importante pentru Parlamentul European \u00een perioada urm\u0103toare \u0219i a relevan\u021bei politice a acestor probleme \u00een majoritatea statelor membre UE.<\/p>\n\n<h3 class=\"wp-block-heading\">Cum sunt selectate declara\u021biile VoteMatch Europe?<\/h3>\n\n<p>Partenerii na\u021bionali participan\u021bi la proiectul VoteMatch Europe au f\u0103cut o list\u0103 de 25 de declara\u021bii, care acoper\u0103 o gam\u0103 larg\u0103 de subiecte \u0219i probleme actuale. Ei au cerut tuturor partidelor participante la alegerile europene din \u021bara lor s\u0103 r\u0103spund\u0103 acestor declara\u021bii.&#13;\nFiecare partener na\u021bional \u00ee\u0219i face propria aplicatie de ajutor pentru vot (VAA), \u00een care include cel pu\u021bin 15 dintre aceste 25 de declara\u021bii. Declara\u021biile selectate de fiecare partener se bazeaz\u0103 pe c\u00e2t de relevante sunt pentru acel stat membru \u0219i c\u00e2t de bine declara\u021bia ajut\u0103 la diferen\u021bierea p\u0103r\u021bilor din statul membru. Fiecare VAA na\u021bional poate include, de asemenea, declara\u021bii suplimentare formulate de partenerul na\u021bional.<\/p>\n\n<h3 class=\"wp-block-heading\">Cum gestioneaz\u0103 VoteMatch Europe cerin\u021bele de confiden\u021bialitate?<\/h3>\n\n<p>La VoteMatch Europe, v\u0103 lu\u0103m foarte \u00een serios confiden\u021bialitatea. Datele dumneavoastr\u0103 sunt procesate \u00eentr-o manier\u0103 sigur\u0103 \u0219i anonimizate ori de c\u00e2te ori este posibil. Prelucrarea datelor cu caracter personal de c\u0103tre VoteMatch Europe este conform\u0103 cu cerin\u021bele legisla\u021biei aplicabile privind protec\u021bia datelor, inclusiv Regulamentul general privind protec\u021bia datelor. Citi\u021bi declara\u021bia de confiden\u021bialitate complet\u0103 pentru mai multe informa\u021bii [link].<\/p>\n\n<h3 class=\"wp-block-heading\">Cine finan\u021beaz\u0103 VoteMatch Europe?<\/h3>\n\n<p>Fiecare partener na\u021bional finan\u021beaz\u0103 dezvoltarea propriei aplicatii de ajutor pentru vot (VAA). European VoteMatch este finan\u021bat par\u021bial de Autoritatea pentru Partide Politice Europene \u0219i Funda\u021bii Politice Europene \u0219i Casa Europei din Berlin. Alte costuri sunt \u00eemp\u0103r\u021bite de partenerii na\u021bionali.<\/p>\n\n<h3 class=\"wp-block-heading\">Este VoteMatch Europe un instrument \u0219tiin\u021bific?<\/h3>\n\n<p>VoteMatch Europe informeaz\u0103 cet\u0103\u021benii despre alegerile pentru Parlamentul European \u0219i arat\u0103 diferen\u021bele dintre partidele care concureaz\u0103 \u00een diferite \u021b\u0103ri. Nu este un instrument \u0219tiin\u021bific. Rezultatele prezentate ar trebui considerate ca o sugestie pentru aleg\u0103torii de a-\u0219i \u00eencepe propria cercetare \u00een vederea unui vot informat.<\/p>\n","protected":false},"excerpt":{"rendered":"<p>Ce este VoteMatch Europe? VoteMatch Europe este un instrument pentru alegerile UE. Cu acest instrument, aleg\u0103torii pot descoperi care partide politice din UE se potrivesc cel mai bine cu propriile opinii. Obiectivul VoteMatch Europe este de a informa cet\u0103\u021benii despre pozi\u021biile partidelor politice \u00een perioada premerg\u0103toare alegerilor pentru Parlamentul European. Cum sunt decise subiectele declara\u021biilor [&hellip;]<\/p>\n","protected":false},"author":1,"featured_media":0,"parent":0,"menu_order":0,"comment_status":"closed","ping_status":"closed","template":"","meta":{"_acf_changed":false,"footnotes":""},"class_list":["post-1449","page","type-page","status-publish","hentry"],"acf":[],"_links":{"self":[{"href":"https:\/\/source.votematch.eu\/ro\/wp-json\/wp\/v2\/pages\/1449","targetHints":{"allow":["GET"]}}],"collection":[{"href":"https:\/\/source.votematch.eu\/ro\/wp-json\/wp\/v2\/pages"}],"about":[{"href":"https:\/\/source.votematch.eu\/ro\/wp-json\/wp\/v2\/types\/page"}],"author":[{"embeddable":true,"href":"https:\/\/source.votematch.eu\/ro\/wp-json\/wp\/v2\/users\/1"}],"replies":[{"embeddable":true,"href":"https:\/\/source.votematch.eu\/ro\/wp-json\/wp\/v2\/comments?post=1449"}],"version-history":[{"count":1,"href":"https:\/\/source.votematch.eu\/ro\/wp-json\/wp\/v2\/pages\/1449\/revisions"}],"predecessor-version":[{"id":1450,"href":"https:\/\/source.votematch.eu\/ro\/wp-json\/wp\/v2\/pages\/1449\/revisions\/1450"}],"wp:attachment":[{"href":"https:\/\/source.votematch.eu\/ro\/wp-json\/wp\/v2\/media?parent=1449"}],"curies":[{"name":"wp","href":"https:\/\/api.w.org\/{rel}","templated":true}]}}