{"id":1444,"date":"2024-05-31T15:39:27","date_gmt":"2024-05-31T15:39:27","guid":{"rendered":"https:\/\/source.votematch.eu\/alegeri-parlamentul-european\/"},"modified":"2024-05-31T16:38:26","modified_gmt":"2024-05-31T16:38:26","slug":"alegeri-parlamentul-european","status":"publish","type":"page","link":"https:\/\/source.votematch.eu\/ro\/alegeri-parlamentul-european\/","title":{"rendered":"Alegeri Parlamentul European"},"content":{"rendered":"\n<h2 class=\"wp-block-heading\">Pentru ce votam in alegerile pentru Parlamentul European?<\/h2>\n\n<p>\u00cen timpul alegerilor europene, cet\u0103\u021benii aleg membri ai Parlamentului European (MEP). Acest lucru se \u00eent\u00e2mpl\u0103 la fiecare cinci ani. Ultimele alegeri au avut loc \u00een 2019, urm\u0103toarele sunt anul acesta, \u00een perioada 6-9 iunie 2024.&#13;\nCet\u0103\u021benii voteaz\u0103 pentru politicieni sau pentru un partid politic care s\u0103-i reprezinte \u00een Parlamentul European. Ei voteaz\u0103 pentru partide care concureaz\u0103 unul \u00eempotriva celuilalt \u00een \u021bara lor, nu pot vota pentru partide din alte \u021b\u0103ri europene sau pentru o list\u0103 european\u0103.. Fiecare \u021bar\u0103 are un anumit num\u0103r de locuri \u00een Parlamentul European.<\/p>\n\n<h2 class=\"wp-block-heading\">Ce  rol are Parlamentul European?<\/h2>\n\n<p>Parlamentul European este una dintre cele mai importante institu\u021bii ale Uniunii Europene. \u00cempreun\u0103 cu Comisia European\u0103 \u0219i Consiliul Uniunii Europene, este responsabil\u0103 de elaborarea legisla\u021biei care se aplic\u0103 \u00eentregii Uniuni Europene. \u00cen plus, Parlamentul European alege pre\u0219edintele Comisiei, aprob\u0103 bugetul european \u00eempreun\u0103 cu Consiliul European \u0219i are c\u00e2teva alte sarcini.<\/p>\n\n<h2 class=\"wp-block-heading\">Care este organizarea Parlamentului European?<\/h2>\n\n<p>Parlamentul European este format din maximum 750 de membri \u0219i un pre\u0219edinte. Acest num\u0103r este determinat \u00eenainte de alegeri \u0219i este stabilit la 720 de membri pentru urm\u0103torul mandat de parlament. To\u021bi membrii vor fi ale\u0219i \u00een timpul alegerilor din iunie. Fiecare stat membru prime\u0219te un anumit num\u0103r de locuri \u00een func\u021bie de dimensiunea popula\u021biei sale. Statele membre au minim 6 \u0219i maxim 96 de locuri \u00een Parlamentul European.&#13;\nMembrii Parlamentului European (MEP) formeaz\u0103 grupuri politice \u00een Parlament bazate mai degrab\u0103 pe ideologii politice comune, dec\u00e2t pe na\u021bionalitate. Prin urmare, fiecare grup politic include deputa\u021bi din diferite state membre cu pozi\u021bii politice similare.<\/p>\n\n<h2 class=\"wp-block-heading\">Ce sunt partidele Europene?<\/h2>\n\n<p>Cet\u0103\u0163enii nu pot vota direct pentru partidele europene, dar ele exist\u0103. Majoritatea partidelor na\u021bionale sunt afiliate la unul dintre cele zece partide politice europene. Aceste partide corespund, \u00een general, grupurilor politice din Parlamentul European, dar nu \u00een totalitate. De exemplu, Partidul Verde European \u0219i Alian\u021ba Liber\u0103 European\u0103 sunt dou\u0103 partide separate, dar formeaz\u0103 un singur grup \u00een Parlament. Partidele europene au devenit din ce \u00een ce mai importante \u00een coordonarea \u00eentre nivelul na\u021bional \u0219i european, \u00eentre institu\u021biile UE \u0219i \u00eentre europarlamentarii acestora. Prin partidele europene, pozi\u021biile politice ale europarlamentarilor lor sunt aliniate, ceea ce le cre\u0219te impactul.<\/p>\n","protected":false},"excerpt":{"rendered":"<p>Pentru ce votam in alegerile pentru Parlamentul European? \u00cen timpul alegerilor europene, cet\u0103\u021benii aleg membri ai Parlamentului European (MEP). Acest lucru se \u00eent\u00e2mpl\u0103 la fiecare cinci ani. Ultimele alegeri au avut loc \u00een 2019, urm\u0103toarele sunt anul acesta, \u00een perioada 6-9 iunie 2024.&#13; Cet\u0103\u021benii voteaz\u0103 pentru politicieni sau pentru un partid politic care s\u0103-i reprezinte [&hellip;]<\/p>\n","protected":false},"author":3,"featured_media":0,"parent":0,"menu_order":0,"comment_status":"closed","ping_status":"closed","template":"templates\/about.php","meta":{"_acf_changed":false,"footnotes":""},"class_list":["post-1444","page","type-page","status-publish","hentry"],"acf":[],"_links":{"self":[{"href":"https:\/\/source.votematch.eu\/ro\/wp-json\/wp\/v2\/pages\/1444","targetHints":{"allow":["GET"]}}],"collection":[{"href":"https:\/\/source.votematch.eu\/ro\/wp-json\/wp\/v2\/pages"}],"about":[{"href":"https:\/\/source.votematch.eu\/ro\/wp-json\/wp\/v2\/types\/page"}],"author":[{"embeddable":true,"href":"https:\/\/source.votematch.eu\/ro\/wp-json\/wp\/v2\/users\/3"}],"replies":[{"embeddable":true,"href":"https:\/\/source.votematch.eu\/ro\/wp-json\/wp\/v2\/comments?post=1444"}],"version-history":[{"count":2,"href":"https:\/\/source.votematch.eu\/ro\/wp-json\/wp\/v2\/pages\/1444\/revisions"}],"predecessor-version":[{"id":1452,"href":"https:\/\/source.votematch.eu\/ro\/wp-json\/wp\/v2\/pages\/1444\/revisions\/1452"}],"wp:attachment":[{"href":"https:\/\/source.votematch.eu\/ro\/wp-json\/wp\/v2\/media?parent=1444"}],"curies":[{"name":"wp","href":"https:\/\/api.w.org\/{rel}","templated":true}]}}