{"id":1561,"date":"2024-05-31T21:38:38","date_gmt":"2024-05-31T21:38:38","guid":{"rendered":"https:\/\/source.votematch.eu\/czesto-zadawane-pytania\/"},"modified":"2024-05-31T21:38:38","modified_gmt":"2024-05-31T21:38:38","slug":"czesto-zadawane-pytania","status":"publish","type":"page","link":"https:\/\/source.votematch.eu\/pl\/czesto-zadawane-pytania\/","title":{"rendered":"Cz\u0119sto zadawane pytania"},"content":{"rendered":"\n<h3 class=\"wp-block-heading\">Czym jest VoteMatch Europe?<\/h3>\n\n<p>VoteMatch Europe to narz\u0119dzie s\u0142u\u017c\u0105ce do wybor\u00f3w do UE. Dzi\u0119ki temu narz\u0119dziu wyborcy mog\u0105 odkry\u0107, kt\u00f3re partie polityczne w UE najlepiej odpowiadaj\u0105 ich pogl\u0105dom. Celem VoteMatch Europe jest informowanie obywateli o stanowiskach partii politycznych w okresie poprzedzaj\u0105cym wybory do Parlamentu Europejskiego.<\/p>\n\n<h3 class=\"wp-block-heading\" id=\"mce_2\">W jaki spos\u00f3b ustalane s\u0105 tematy stwierdze\u0144 VoteMatch Europe?<\/h3>\n\n<p>Partnerzy krajowi uczestnicz\u0105cy w projekcie VoteMatch Europe przygotowali list\u0119 25 wsp\u00f3lnych stwierdze\u0144 jesieni\u0105 2023 i na pocz\u0105tku 2024 roku. Zestaw wsp\u00f3lnych stwierdze\u0144 obejmuje szeroki zakres kwestii politycznych we wszystkich obszarach, o kt\u00f3rych decyduje Parlament Europejski. Stwierdzenia zosta\u0142y oparte na metodzie desk research dotycz\u0105cej wa\u017cnych temat\u00f3w dla Parlamentu Europejskiego w nadchodz\u0105cym okresie oraz politycznego znaczenia tych kwestii w wi\u0119kszo\u015bci pa\u0144stw cz\u0142onkowskich UE. <\/p>\n\n<h3 class=\"wp-block-heading\">Jak wybierane s\u0105 stwierdzenia VoteMatch?<\/h3>\n\n<p><span class=\"jCAhz JxVs2d ChMk0b\"><span class=\"ryNqvb\">Partnerzy krajowi uczestnicz\u0105cy w projekcie VoteMatch Europe sporz\u0105dzili list\u0119 25 stwierdze\u0144, obejmuj\u0105cych szeroki zakres aktualnych temat\u00f3w i zagadnie\u0144.<\/span><\/span> <span class=\"jCAhz JxVs2d ChMk0b\"><span class=\"ryNqvb\">Zwr\u00f3cili si\u0119 do wszystkich partii uczestnicz\u0105cych w wyborach europejskich w ich kraju o ustosunkowanie si\u0119 do tych stwierdze\u0144. <\/span><\/span><span class=\"jCAhz JxVs2d ChMk0b\"><span class=\"ryNqvb\">Ka\u017cdy partner krajowy sporz\u0105dza w\u0142asny wniosek o pomoc w g\u0142osowaniu (VAA), w kt\u00f3rym zawiera co najmniej 15 z tych 25 o\u015bwiadcze\u0144.<\/span><\/span> <span class=\"jCAhz JxVs2d ChMk0b\"><span class=\"ryNqvb\">O\u015bwiadczenia wybierane przez ka\u017cdego partnera opieraj\u0105 si\u0119 na tym, jak istotne s\u0105 one dla danego pa\u0144stwa cz\u0142onkowskiego i na ile dobrze o\u015bwiadczenie pomaga rozr\u00f3\u017cni\u0107 strony w tym pa\u0144stwie cz\u0142onkowskim.<\/span><\/span> <span class=\"jCAhz JxVs2d ChMk0b\"><span class=\"ryNqvb\">Ka\u017cdy krajowy VAA mo\u017ce tak\u017ce zawiera\u0107 dodatkowe o\u015bwiadczenia sformu\u0142owane przez partnera krajowego.<\/span><\/span><\/p>\n\n<h3 class=\"wp-block-heading\">Jak VoteMatch Europe dba o prywatno\u015b\u0107 u\u017cytkownik\u00f3w?<\/h3>\n\n<p>W VoteMatch Europe bardzo powa\u017cnie podchodzimy do Twojej prywatno\u015bci. Twoje dane s\u0105 przetwarzane w spos\u00f3b bezpieczny i, je\u015bli to mo\u017cliwe, anonimizowane. Przetwarzanie danych osobowych przez VoteMatch Europe jest zgodne z wymogami obowi\u0105zuj\u0105cych przepis\u00f3w o ochronie danych, w tym og\u00f3lnego rozporz\u0105dzenia o ochronie danych. Aby uzyska\u0107 wi\u0119cej informacji, przeczytaj pe\u0142ne o\u015bwiadczenie o ochronie prywatno\u015bci.<\/p>\n\n<h3 class=\"wp-block-heading\">Kto zapewni\u0142 finansowanie projektu?<\/h3>\n\n<p>Ka\u017cdy partner krajowy finansuje rozw\u00f3j w\u0142asnej aplikacji wspomagaj\u0105cej g\u0142osowanie (VAA). European VoteMatch jest cz\u0119\u015bciowo finansowany przez Urz\u0105d ds. Europejskich Partii Politycznych i Europejskich Fundacji Politycznych oraz Dom Europy w Berlinie. Pozosta\u0142e koszty ponosz\u0105 partnerzy krajowi.<\/p>\n\n<h3 class=\"wp-block-heading\">Czy VoteMatch Europe to narz\u0119dzie naukowe?<\/h3>\n\n<p>VoteMatch Europe informuje obywateli o wyborach do Parlamentu Europejskiego i pokazuje r\u00f3\u017cnice programowe mi\u0119dzy partiami rywalizuj\u0105cymi w r\u00f3\u017cnych krajach. Nie jest to narz\u0119dzie naukowe, a wyniki, kt\u00f3re s\u0105 pokazywane, powinny by\u0107 traktowane jako sugestia dla wyborc\u00f3w i inspiracja, by zg\u0142\u0119bi\u0107 programy partii w celu oddania \u015bwiadomego g\u0142osu.<\/p>\n","protected":false},"excerpt":{"rendered":"<p>Czym jest VoteMatch Europe? VoteMatch Europe to narz\u0119dzie s\u0142u\u017c\u0105ce do wybor\u00f3w do UE. Dzi\u0119ki temu narz\u0119dziu wyborcy mog\u0105 odkry\u0107, kt\u00f3re partie polityczne w UE najlepiej odpowiadaj\u0105 ich pogl\u0105dom. Celem VoteMatch Europe jest informowanie obywateli o stanowiskach partii politycznych w okresie poprzedzaj\u0105cym wybory do Parlamentu Europejskiego. W jaki spos\u00f3b ustalane s\u0105 tematy stwierdze\u0144 VoteMatch Europe? Partnerzy [&hellip;]<\/p>\n","protected":false},"author":1,"featured_media":0,"parent":0,"menu_order":0,"comment_status":"closed","ping_status":"closed","template":"","meta":{"_acf_changed":false,"footnotes":""},"class_list":["post-1561","page","type-page","status-publish","hentry"],"acf":[],"_links":{"self":[{"href":"https:\/\/source.votematch.eu\/pl\/wp-json\/wp\/v2\/pages\/1561","targetHints":{"allow":["GET"]}}],"collection":[{"href":"https:\/\/source.votematch.eu\/pl\/wp-json\/wp\/v2\/pages"}],"about":[{"href":"https:\/\/source.votematch.eu\/pl\/wp-json\/wp\/v2\/types\/page"}],"author":[{"embeddable":true,"href":"https:\/\/source.votematch.eu\/pl\/wp-json\/wp\/v2\/users\/1"}],"replies":[{"embeddable":true,"href":"https:\/\/source.votematch.eu\/pl\/wp-json\/wp\/v2\/comments?post=1561"}],"version-history":[{"count":1,"href":"https:\/\/source.votematch.eu\/pl\/wp-json\/wp\/v2\/pages\/1561\/revisions"}],"predecessor-version":[{"id":1562,"href":"https:\/\/source.votematch.eu\/pl\/wp-json\/wp\/v2\/pages\/1561\/revisions\/1562"}],"wp:attachment":[{"href":"https:\/\/source.votematch.eu\/pl\/wp-json\/wp\/v2\/media?parent=1561"}],"curies":[{"name":"wp","href":"https:\/\/api.w.org\/{rel}","templated":true}]}}