{"id":1557,"date":"2024-05-31T21:29:41","date_gmt":"2024-05-31T21:29:41","guid":{"rendered":"https:\/\/source.votematch.eu\/eiropas-parlamenta-velesanas\/"},"modified":"2024-05-31T21:29:42","modified_gmt":"2024-05-31T21:29:42","slug":"eiropas-parlamenta-velesanas","status":"publish","type":"page","link":"https:\/\/source.votematch.eu\/lv\/eiropas-parlamenta-velesanas\/","title":{"rendered":"Eiropas Parlamenta v\u0113l\u0113\u0161anas"},"content":{"rendered":"\n<h2 class=\"wp-block-heading\">Par ko m\u0113s balsojam Eiropas v\u0113l\u0113\u0161an\u0101s?<\/h2>\n\n<p>Eiropas v\u0113l\u0113\u0161an\u0101s pilso\u0146i iev\u0113l Eiropas Parlamenta deput\u0101tus (EPD). Tas notiek reizi piecos gados. P\u0113d\u0113j\u0101s v\u0113l\u0113\u0161anas notika 2019.gad\u0101, n\u0101kam\u0101s ir \u0161ogad, 2024.gad\u0101, no 6.j\u016bnija l\u012bdz 9.j\u016bnija<\/p>\n\n<h2 class=\"wp-block-heading\">Ko dara Eiropas Parlaments?<\/h2>\n\n<p>Eiropas Parlaents ir viena no svar\u012bg\u0101kaj\u0101m Eiropas Savien\u012bbas instit\u016bcij\u0101m. Kop\u0101 ar Eiropas Komisiju un Eiropas Savien\u012bbas Padomi, tas atbild par jauniem likumiem, kas attieca suz visu Eiropas Savien\u012bbu. T\u0101pat Eiropas Parlaments iev\u0113l Eiropas Komisijas prezidentu, kop\u0101 ar Eiropadomi apstiprina Eiropas bud\u017eetu un tam ir ar\u012b vair\u0101ki citi uzdevumi.<\/p>\n\n<h2 class=\"wp-block-heading\">K\u0101 ir organiz\u0113ts Eiropas Parlamenta darbs?<\/h2>\n\n<p>Eiropas Parlaments sast\u0101v no, maksimums, 750 deput\u0101tiem un viena prezidenta. Konkr\u0113ts skaitlis tiek noteikts pirms v\u0113l\u0113\u0161an\u0101m, un n\u0101kamaj\u0101 parlamenta termi\u0146\u0101 tas b\u016bs 720. Visi deput\u0101ti tiek iev\u0113l\u0113ti j\u016bnij\u0101 notieko\u0161aj\u0101s v\u0113l\u0113\u0161an\u0101s. Katra dal\u012bbvalsts ieg\u016bst konkr\u0113tu vietu skaitu, kas ir atkar\u012bgs no t\u0101s iedz\u012bvot\u0101ju skaita. Dal\u012bbvalst\u012bm ir vismaz 6 vietas un ne vair\u0101k k\u0101 96 vietas Eiropas Parlament\u0101. Eiropas Parlamenta deput\u0101ti (EPD) Eiropas Parlament\u0101 veido politisk\u0101s grupas, balstoties nevis uz valsts pieder\u012bbu, bet dr\u012bz\u0101k uz kop\u012bgu politisko ideolo\u0123iju. T\u0101d\u0113\u013c katr\u0101 politiskaj\u0101 grup\u0101 ir EPD no da\u017e\u0101d\u0101m dal\u012bbvalst\u012bm ar l\u012bdz\u012bgiem politiskiem uzskatiem.<\/p>\n\n<h2 class=\"wp-block-heading\">Kas ir Eiropas partijas?<\/h2>\n\n<p>Pilso\u0146i nevar tie\u0161i v\u0113l\u0113t par Eiropas partij\u0101m, ta\u010du \u0161\u0101das partijas eksist\u0113. Vair\u0101kums dal\u012bbvalstu partiju ir saist\u012btas ar k\u0101du no 10 Eiropas Partij\u0101m. \u0160\u012as partijas kopum\u0101 atbilst Eiropas Parlamenta politiskaj\u0101m grup\u0101m, bet ne piln\u012bb\u0101. Piem\u0113ram, Eiropas Za\u013c\u0101 partija un Eiropas Br\u012bv\u0101 Alianse ir divas at\u0161\u0137ir\u012bgas partijas, ta\u010du t\u0101s veido vienu politisko grupu Eiropas Parlament\u0101. Eiropas partijas k\u013c\u016bst aizvien noz\u012bm\u012bg\u0101kas tam, lai koordin\u0113tu nacion\u0101lo un Eiropas l\u012bmeni, lai koordin\u0113tu ES instit\u016bcijas un ar\u012b iev\u0113l\u0113tos EP deput\u0101tus. Caur Eiropas partij\u0101m tiek saska\u0146oti Eiropas Parlamenta deput\u0101tu viedok\u013ci, \u0161\u0101di k\u013c\u016bstot ietekm\u012bg\u0101ki.<\/p>\n","protected":false},"excerpt":{"rendered":"<p>Par ko m\u0113s balsojam Eiropas v\u0113l\u0113\u0161an\u0101s? Eiropas v\u0113l\u0113\u0161an\u0101s pilso\u0146i iev\u0113l Eiropas Parlamenta deput\u0101tus (EPD). Tas notiek reizi piecos gados. P\u0113d\u0113j\u0101s v\u0113l\u0113\u0161anas notika 2019.gad\u0101, n\u0101kam\u0101s ir \u0161ogad, 2024.gad\u0101, no 6.j\u016bnija l\u012bdz 9.j\u016bnija Ko dara Eiropas Parlaments? Eiropas Parlaents ir viena no svar\u012bg\u0101kaj\u0101m Eiropas Savien\u012bbas instit\u016bcij\u0101m. Kop\u0101 ar Eiropas Komisiju un Eiropas Savien\u012bbas Padomi, tas atbild par [&hellip;]<\/p>\n","protected":false},"author":3,"featured_media":0,"parent":0,"menu_order":0,"comment_status":"closed","ping_status":"closed","template":"templates\/about.php","meta":{"_acf_changed":false,"footnotes":""},"class_list":["post-1557","page","type-page","status-publish","hentry"],"acf":[],"_links":{"self":[{"href":"https:\/\/source.votematch.eu\/lv\/wp-json\/wp\/v2\/pages\/1557","targetHints":{"allow":["GET"]}}],"collection":[{"href":"https:\/\/source.votematch.eu\/lv\/wp-json\/wp\/v2\/pages"}],"about":[{"href":"https:\/\/source.votematch.eu\/lv\/wp-json\/wp\/v2\/types\/page"}],"author":[{"embeddable":true,"href":"https:\/\/source.votematch.eu\/lv\/wp-json\/wp\/v2\/users\/3"}],"replies":[{"embeddable":true,"href":"https:\/\/source.votematch.eu\/lv\/wp-json\/wp\/v2\/comments?post=1557"}],"version-history":[{"count":1,"href":"https:\/\/source.votematch.eu\/lv\/wp-json\/wp\/v2\/pages\/1557\/revisions"}],"predecessor-version":[{"id":1558,"href":"https:\/\/source.votematch.eu\/lv\/wp-json\/wp\/v2\/pages\/1557\/revisions\/1558"}],"wp:attachment":[{"href":"https:\/\/source.votematch.eu\/lv\/wp-json\/wp\/v2\/media?parent=1557"}],"curies":[{"name":"wp","href":"https:\/\/api.w.org\/{rel}","templated":true}]}}