{"id":1555,"date":"2024-05-31T21:20:34","date_gmt":"2024-05-31T21:20:34","guid":{"rendered":"https:\/\/source.votematch.eu\/biezak-uzdotie-jautajumi\/"},"modified":"2024-05-31T21:20:34","modified_gmt":"2024-05-31T21:20:34","slug":"biezak-uzdotie-jautajumi","status":"publish","type":"page","link":"https:\/\/source.votematch.eu\/lv\/biezak-uzdotie-jautajumi\/","title":{"rendered":"Bie\u017e\u0101k uzdotie jaut\u0101jumi"},"content":{"rendered":"\n<h3 class=\"wp-block-heading\">Kas ir VoteMatch Europe?<\/h3>\n\n<p>VoteMatch Europe ir r\u012bks EP v\u0113l\u0113\u0161an\u0101m. Pateicoties \u0161im r\u012bkam, v\u0113l\u0113t\u0101ji var noskaidrot, kuras ES partijas vislab\u0101k atbilst vi\u0146u uzskatiem. VoteMatch Europe m\u0113r\u0137is ir inform\u0113t pilso\u0146us par politisko partiju poz\u012bcij\u0101m pirms Eiropas Parlamenta v\u0113l\u0113\u0161an\u0101m.<\/p>\n\n<h3 class=\"wp-block-heading\" id=\"mce_2\">K\u0101 tika noteikti VoteMatch Europe iek\u013cautie apgalvojumi?<\/h3>\n\n<p>VoteMatch Europe partneri dal\u012bbvalst\u012bs 2023.gada nogal\u0113 un 2024.gada s\u0101kum\u0101 izveidoja sarakstu ar 25 kop\u012bgiem apgalvojumiem. \u0160o apgalvojumu kopums aptver pla\u0161u politiku loku jom\u0101s, par kur\u0101m lemj Eiropas Parlaents. \u0160ie apgalvojumi tika balst\u012bti p\u0113tniec\u012bb\u0101 par n\u0101kam\u0101 perioda Eiropas Parlamentam svar\u012bgiem jaut\u0101jumiem un \u0161o jaut\u0101jumu noz\u012bm\u012bgumu vair\u0101kum\u0101 ES dal\u012bbvalstu.<\/p>\n\n<h3 class=\"wp-block-heading\">K\u0101 tika veikta VoteMatch Europe apgalvojumu atlase?<\/h3>\n\n<p>VoteMatch Europe partneri dal\u012bvalst\u012bs izveidoja sarakstu ar 25 apgalvojumiem, kas aptver da\u017e\u0101das t\u0113mas un probl\u0113mas. Vi\u0146i l\u016bdza visas partijas, kas piedal\u0101s Eiropas v\u0113l\u0113\u0161an\u0101s, atbild\u0113t uz \u0161iem jaut\u0101jumiem. Katras dal\u012bbvalsts partneris veido savu V\u0113l\u0113t\u0101ju pal\u012bdz\u012bbas aplik\u0101ciju (VPA), kur iek\u013cauj vismaz 15 no \u0161iem 25 apgalvojumiem. Tas, kurus apgalvojumus partneris atlasa, ir atkar\u012bgs no t\u0101, cik \u0161is apgalvojums ir svar\u012bgs konkr\u0113tajai valstij un cik labi tas \u013cauj no\u0161\u0137irt partijas attiec\u012bgaj\u0101 valst\u012b. Katras valsts VPA var iek\u013caut ar\u012b papildus apgalvojumus, kurus formul\u0113jis \u0161is partneris.<\/p>\n\n<h3 class=\"wp-block-heading\">K\u0101 VoteMatch attiecas pret priv\u0101tuma pras\u012bb\u0101m?<\/h3>\n\n<p>M\u0113s VoteMatch Europe uztveram priv\u0101tumu \u013coti nopietni. J\u016bsu dati tiek apstr\u0101d\u0101ti dro\u0161i un, kur vien tas iesp\u0113jams, anon\u012bmi. VoteMatch Europe veikt\u0101 datu apstr\u0101de atbilst datu aizsardz\u012bbas likumu pras\u012bb\u0101m, ieskaitot Visp\u0101r\u0113jo datu aizsardz\u012bbas regulu (GDPR). L\u016bdzu izlasiet pilno priv\u0101tuma politiku papildus inform\u0101cijai [saite].<\/p>\n\n<h3 class=\"wp-block-heading\">Kas finans\u0113 VoteMatch Europe?<\/h3>\n\n<p>Katras valsts partneris finans\u0113 pats savas V\u0113l\u0113t\u0101ju pal\u012bdz\u012bbas aplik\u0101cijas (VPA) izveidi. Eiropas VoteMatch finans\u0113da\u013c\u0113ji Authprity for European Political Parties and European Political Foundations, k\u0101 ar\u012b Be\u013c\u0123ijas Eiropas M\u0101ja. Citas izmaksas sedz nacion\u0101lie partneri.<\/p>\n\n<h3 class=\"wp-block-heading\">Vai VoteMatch Europe ir zin\u0101tnisks r\u012bks?<\/h3>\n\n<p>VoteMAtch Europe inform\u0113 pilso\u0146us par Eiropas Parlaenta v\u0113l\u0113\u0161an\u0101m un par\u0101da at\u0161\u0137ir\u012bbas starp konkur\u0113jo\u0161aj\u0101m partij\u0101m da\u017e\u0101d\u0101s valst\u012bs. Tas nav zin\u0101tnisks r\u012bks. T\u0101 rezult\u0101ti j\u0101uzskata par aicin\u0101jumu v\u0113l\u0113t\u0101jiem s\u0101kt pa\u0161iem savu izp\u0113ti tam, lai veiktu inform\u0113tu balsojumu.<\/p>\n","protected":false},"excerpt":{"rendered":"<p>Kas ir VoteMatch Europe? VoteMatch Europe ir r\u012bks EP v\u0113l\u0113\u0161an\u0101m. Pateicoties \u0161im r\u012bkam, v\u0113l\u0113t\u0101ji var noskaidrot, kuras ES partijas vislab\u0101k atbilst vi\u0146u uzskatiem. VoteMatch Europe m\u0113r\u0137is ir inform\u0113t pilso\u0146us par politisko partiju poz\u012bcij\u0101m pirms Eiropas Parlamenta v\u0113l\u0113\u0161an\u0101m. K\u0101 tika noteikti VoteMatch Europe iek\u013cautie apgalvojumi? VoteMatch Europe partneri dal\u012bbvalst\u012bs 2023.gada nogal\u0113 un 2024.gada s\u0101kum\u0101 izveidoja sarakstu [&hellip;]<\/p>\n","protected":false},"author":1,"featured_media":0,"parent":0,"menu_order":0,"comment_status":"closed","ping_status":"closed","template":"","meta":{"_acf_changed":false,"footnotes":""},"class_list":["post-1555","page","type-page","status-publish","hentry"],"acf":[],"_links":{"self":[{"href":"https:\/\/source.votematch.eu\/lv\/wp-json\/wp\/v2\/pages\/1555","targetHints":{"allow":["GET"]}}],"collection":[{"href":"https:\/\/source.votematch.eu\/lv\/wp-json\/wp\/v2\/pages"}],"about":[{"href":"https:\/\/source.votematch.eu\/lv\/wp-json\/wp\/v2\/types\/page"}],"author":[{"embeddable":true,"href":"https:\/\/source.votematch.eu\/lv\/wp-json\/wp\/v2\/users\/1"}],"replies":[{"embeddable":true,"href":"https:\/\/source.votematch.eu\/lv\/wp-json\/wp\/v2\/comments?post=1555"}],"version-history":[{"count":1,"href":"https:\/\/source.votematch.eu\/lv\/wp-json\/wp\/v2\/pages\/1555\/revisions"}],"predecessor-version":[{"id":1556,"href":"https:\/\/source.votematch.eu\/lv\/wp-json\/wp\/v2\/pages\/1555\/revisions\/1556"}],"wp:attachment":[{"href":"https:\/\/source.votematch.eu\/lv\/wp-json\/wp\/v2\/media?parent=1555"}],"curies":[{"name":"wp","href":"https:\/\/api.w.org\/{rel}","templated":true}]}}