{"id":1552,"date":"2024-05-31T21:15:02","date_gmt":"2024-05-31T21:15:02","guid":{"rendered":"https:\/\/source.votematch.eu\/europos-parlamento-rinkimai\/"},"modified":"2024-05-31T21:15:03","modified_gmt":"2024-05-31T21:15:03","slug":"europos-parlamento-rinkimai","status":"publish","type":"page","link":"https:\/\/source.votematch.eu\/lt\/europos-parlamento-rinkimai\/","title":{"rendered":"Europos Parlamento Rinkimai"},"content":{"rendered":"\n<h2 class=\"wp-block-heading\">U\u017e k\u0105 balsuojame Europos Parlamento rinkimuose?<\/h2>\n\n<p>Per Europos Parlamento rinkimus pilie\u010diai renka Europos Parlamento (EP) narius. Tai vyksta kas penkerius metus. Paskutiniai rinkimai vyko 2019 m., kiti &#8211; \u0161iemet, 2024 m. bir\u017eelio 6-9 d.&#13;\nPilie\u010diai balsuoja u\u017e politikus arba politin\u0119 partij\u0105, kurie jiems atstovaus Europos Parlamente. Jie balsuoja u\u017e partijas, konkuruojan\u010dias tarpusavyje savo \u0161alyje, jie negali balsuoti u\u017e kit\u0173 Europos \u0161ali\u0173 partijas arba u\u017e Europos s\u0105ra\u0161\u0105. Kiekviena \u0161alis turi tam tikr\u0105 viet\u0173 skai\u010di\u0173 Europos Parlamente.<\/p>\n\n<h2 class=\"wp-block-heading\">K\u0105 veikia Europos Parlamentas?<\/h2>\n\n<p>Europos Parlamentas yra viena svarbiausi\u0173 Europos S\u0105jungos institucij\u0173. Kartu su Europos Komisija ir Europos S\u0105jungos Taryba jis yra atsakingas u\u017e visai Europos S\u0105jungai taikom\u0173 teis\u0117s akt\u0173 pri\u0117mim\u0105. Taip pat Europos Parlamentas renka Komisijos pirminink\u0105, kartu su Europos Vadov\u0173 Taryba tvirtina Europos S\u0105jungos biud\u017eet\u0105 ir atlieka kelet\u0105 kit\u0173 u\u017eduo\u010di\u0173.<\/p>\n\n<h2 class=\"wp-block-heading\">Kaip organizuojamas Europos Parlamentas?<\/h2>\n\n<p>Europos Parlament\u0105 sudaro ne daugiau kaip 750 nari\u0173 ir vienas pirmininkas. \u0160is skai\u010dius nustatomas prie\u0161 rinkimus, kitoje Parlamento kadencijoje bus 720 nari\u0173. Visi nariai bus renkami per bir\u017eelio m\u0117n. vyksian\u010dius rinkimus. Kiekviena valstyb\u0117 nar\u0117 gauna tam tikr\u0105 viet\u0173 skai\u010di\u0173, atsi\u017evelgiant \u012f jos gyventoj\u0173 skai\u010di\u0173. Valstyb\u0117s nar\u0117s Europos Parlamente turi ne ma\u017eiau kaip 6 ir ne daugiau kaip 96 vietas. &#13;\nEuropos Parlamento (EP) nariai Parlamente sudaro politines grupes, remdamiesi bendromis politin\u0117mis ideologijomis, o ne tautybe. Taigi kiekvienai politinei grupei priklauso EP nariai i\u0161 skirting\u0173 valstybi\u0173 nari\u0173 su pana\u0161iomis politin\u0117mis nuostatomis.<\/p>\n\n<h2 class=\"wp-block-heading\">Kas yra Europos partijos?<\/h2>\n\n<p>Pilie\u010diai negali tiesiogiai balsuoti u\u017e Europos partijas, ta\u010diau jos egzistuoja. Dauguma nacionalini\u0173 partij\u0173 priklauso vienai i\u0161 de\u0161imties Europos politini\u0173 partij\u0173. \u0160ios partijos da\u017eniausiai atitinka Europos Parlamento politines grupes, ta\u010diau ne visi\u0161kai. Pavyzd\u017eiui, Europos \u017eali\u0173j\u0173 partija ir Europos laisvasis aljansas yra dvi atskiros partijos, ta\u010diau Parlamente jos sudaro vien\u0105 grup\u0119. Europos partijos tampa vis svarbesn\u0117s koordinuojant veiksmus nacionaliniu ir Europos lygmeniu, tarp ES institucij\u0173 ir j\u0173 nari\u0173 Europos Parlamente. Priklausydami Europos partijoms j\u0173 nariai suvienodina savo politines pozicijas ir taip padidina partij\u0173 \u012ftak\u0105. <\/p>\n","protected":false},"excerpt":{"rendered":"<p>U\u017e k\u0105 balsuojame Europos Parlamento rinkimuose? Per Europos Parlamento rinkimus pilie\u010diai renka Europos Parlamento (EP) narius. Tai vyksta kas penkerius metus. Paskutiniai rinkimai vyko 2019 m., kiti &#8211; \u0161iemet, 2024 m. bir\u017eelio 6-9 d.&#13; Pilie\u010diai balsuoja u\u017e politikus arba politin\u0119 partij\u0105, kurie jiems atstovaus Europos Parlamente. Jie balsuoja u\u017e partijas, konkuruojan\u010dias tarpusavyje savo \u0161alyje, jie [&hellip;]<\/p>\n","protected":false},"author":3,"featured_media":0,"parent":0,"menu_order":0,"comment_status":"closed","ping_status":"closed","template":"templates\/about.php","meta":{"_acf_changed":false,"footnotes":""},"class_list":["post-1552","page","type-page","status-publish","hentry"],"acf":[],"_links":{"self":[{"href":"https:\/\/source.votematch.eu\/lt\/wp-json\/wp\/v2\/pages\/1552","targetHints":{"allow":["GET"]}}],"collection":[{"href":"https:\/\/source.votematch.eu\/lt\/wp-json\/wp\/v2\/pages"}],"about":[{"href":"https:\/\/source.votematch.eu\/lt\/wp-json\/wp\/v2\/types\/page"}],"author":[{"embeddable":true,"href":"https:\/\/source.votematch.eu\/lt\/wp-json\/wp\/v2\/users\/3"}],"replies":[{"embeddable":true,"href":"https:\/\/source.votematch.eu\/lt\/wp-json\/wp\/v2\/comments?post=1552"}],"version-history":[{"count":1,"href":"https:\/\/source.votematch.eu\/lt\/wp-json\/wp\/v2\/pages\/1552\/revisions"}],"predecessor-version":[{"id":1553,"href":"https:\/\/source.votematch.eu\/lt\/wp-json\/wp\/v2\/pages\/1552\/revisions\/1553"}],"wp:attachment":[{"href":"https:\/\/source.votematch.eu\/lt\/wp-json\/wp\/v2\/media?parent=1552"}],"curies":[{"name":"wp","href":"https:\/\/api.w.org\/{rel}","templated":true}]}}