{"id":1550,"date":"2024-05-31T21:08:10","date_gmt":"2024-05-31T21:08:10","guid":{"rendered":"https:\/\/source.votematch.eu\/duk\/"},"modified":"2024-05-31T21:08:10","modified_gmt":"2024-05-31T21:08:10","slug":"duk","status":"publish","type":"page","link":"https:\/\/source.votematch.eu\/lt\/duk\/","title":{"rendered":"DUK"},"content":{"rendered":"\n<h3 class=\"wp-block-heading\">Kas yra VoteMatch Europe?<\/h3>\n\n<p>VoteMatch Europe yra ES rinkimams skirtas \u012frankis. Naudodamiesi \u0161iuo \u012frankiu rink\u0117jai gali su\u017einoti, kurios ES politin\u0117s partijos geriausiai atitinka j\u0173 pa\u017ei\u016bras. VoteMatch Europe tikslas &#8211; informuoti pilie\u010dius apie politini\u0173 partij\u0173 pozicijas prie\u0161 Europos Parlamento rinkimus. <\/p>\n\n<h3 class=\"wp-block-heading\" id=\"mce_2\">Kaip nusprend\u017eiama d\u0117l VoteMatch Europe teigini\u0173 tem\u0173?<\/h3>\n\n<p>Projekte VoteMatch Europe dalyvaujantys nacionaliniai partneriai 2023 m. ruden\u012f ir 2024 m. prad\u017eioje pareng\u0117 25 bendr\u0173 teigini\u0173 rinkin\u012f. Bendr\u0173 teigini\u0173 rinkinys apima plat\u0173 politikos klausim\u0173 spektr\u0105 visose srityse, d\u0117l kuri\u0173 sprendimus priima Europos Parlamentas. Teiginiai buvo parengti remiantis analitiniais tyrimais apie svarbias Europos Parlamentui ateinan\u010dio laikotarpio temas ir \u0161i\u0173 klausim\u0173 politin\u012f aktualum\u0105 daugumoje ES valstybi\u0173 nari\u0173. <\/p>\n\n<h3 class=\"wp-block-heading\">Kaip atrenkami VoteMatch Europe teiginiai?<\/h3>\n\n<p>Projekte VoteMatch Europe dalyvaujantys nacionaliniai partneriai sudar\u0117 25 teigini\u0173 s\u0105ra\u0161\u0105, apimant\u012f \u012fvairias aktualias temas ir klausimus. Jie papra\u0161\u0117 vis\u0173 Europos Parlamento rinkimuose j\u0173 \u0161alyje dalyvaujan\u010di\u0173 partij\u0173 atsakyti \u012f \u0161iuos teiginius.&#13;\nKiekvienas nacionalinis partneris parengia savo balsavimo pagalbos program\u0105 (BPP), \u012f kuri\u0105 \u012ftraukia bent 15 i\u0161 \u0161i\u0173 25 teigini\u0173. Kiekvienas partneris pasirenka teiginius, atsi\u017evelgdamas \u012f tai, kiek jie yra aktual\u016bs konkre\u010diai valstybei narei ir kiek teiginys padeda diferencijuoti partijas toje valstyb\u0117je nar\u0117je. \u012e kiekvien\u0105 nacionalin\u0119 BPP taip pat gali b\u016bti \u012ftraukti papildomi nacionalinio partnerio suformuluoti teiginiai.<\/p>\n\n<h3 class=\"wp-block-heading\">Kaip VoteMatch Europe \u012fgyvendina privatumo reikalavimus?<\/h3>\n\n<p>Mes, VoteMatch Europe, labai rimtai vertiname j\u016bs\u0173 privatum\u0105. J\u016bs\u0173 duomenys tvarkomi saugiai ir yra anonimizuojami, kur \u012fmanoma. VoteMatch Europe asmens duomen\u0173 tvarkymas atitinka galiojan\u010di\u0173 duomen\u0173 apsaugos teis\u0117s akt\u0173, \u012fskaitant Bendr\u0105j\u012f duomen\u0173 apsaugos reglament\u0105, reikalavimus. Nor\u0117dami gauti daugiau informacijos, perskaitykite vis\u0105 privatumo parei\u0161kim\u0105 [nuoroda].<\/p>\n\n<h3 class=\"wp-block-heading\">Kas finansuoja VoteMatch Europe?<\/h3>\n\n<p>Kiekvienas nacionalinis partneris finansuoja savo balsavimo pagalbos programos (BPP) k\u016brim\u0105. Europos VoteMatch i\u0161 dalies finansuoja Europos politini\u0173 partij\u0173 ir Europos politini\u0173 fond\u0173 institucija bei Europos namai Berlyne. Kitas i\u0161laidas dalijasi nacionaliniai partneriai. <\/p>\n\n<h3 class=\"wp-block-heading\">Ar VoteMatch Europe yra mokslinis \u012frankis?<\/h3>\n\n<p>VoteMatch Europe informuoja pilie\u010dius apie rinkimus \u012f Europos Parlament\u0105 ir parodo skirtumus tarp skirtingose \u0161alyse besivar\u017ean\u010di\u0173 partij\u0173. Tai n\u0117ra mokslinis \u012frankis. Pateikiami rezultatai tur\u0117t\u0173 b\u016bti laikomi pasi\u016blymu rink\u0117jams atlikti savo paie\u0161k\u0105 tam, kad balsuot\u0173 tur\u0117dami pakankamai informacijos. <\/p>\n","protected":false},"excerpt":{"rendered":"<p>Kas yra VoteMatch Europe? VoteMatch Europe yra ES rinkimams skirtas \u012frankis. Naudodamiesi \u0161iuo \u012frankiu rink\u0117jai gali su\u017einoti, kurios ES politin\u0117s partijos geriausiai atitinka j\u0173 pa\u017ei\u016bras. VoteMatch Europe tikslas &#8211; informuoti pilie\u010dius apie politini\u0173 partij\u0173 pozicijas prie\u0161 Europos Parlamento rinkimus. Kaip nusprend\u017eiama d\u0117l VoteMatch Europe teigini\u0173 tem\u0173? Projekte VoteMatch Europe dalyvaujantys nacionaliniai partneriai 2023 m. ruden\u012f [&hellip;]<\/p>\n","protected":false},"author":1,"featured_media":0,"parent":0,"menu_order":0,"comment_status":"closed","ping_status":"closed","template":"","meta":{"_acf_changed":false,"footnotes":""},"class_list":["post-1550","page","type-page","status-publish","hentry"],"acf":[],"_links":{"self":[{"href":"https:\/\/source.votematch.eu\/lt\/wp-json\/wp\/v2\/pages\/1550","targetHints":{"allow":["GET"]}}],"collection":[{"href":"https:\/\/source.votematch.eu\/lt\/wp-json\/wp\/v2\/pages"}],"about":[{"href":"https:\/\/source.votematch.eu\/lt\/wp-json\/wp\/v2\/types\/page"}],"author":[{"embeddable":true,"href":"https:\/\/source.votematch.eu\/lt\/wp-json\/wp\/v2\/users\/1"}],"replies":[{"embeddable":true,"href":"https:\/\/source.votematch.eu\/lt\/wp-json\/wp\/v2\/comments?post=1550"}],"version-history":[{"count":1,"href":"https:\/\/source.votematch.eu\/lt\/wp-json\/wp\/v2\/pages\/1550\/revisions"}],"predecessor-version":[{"id":1551,"href":"https:\/\/source.votematch.eu\/lt\/wp-json\/wp\/v2\/pages\/1550\/revisions\/1551"}],"wp:attachment":[{"href":"https:\/\/source.votematch.eu\/lt\/wp-json\/wp\/v2\/media?parent=1550"}],"curies":[{"name":"wp","href":"https:\/\/api.w.org\/{rel}","templated":true}]}}