{"id":1455,"date":"2024-05-31T17:00:00","date_gmt":"2024-05-31T17:00:00","guid":{"rendered":"https:\/\/source.votematch.eu\/elezioni-del-parlamento-europeo\/"},"modified":"2024-05-31T17:00:01","modified_gmt":"2024-05-31T17:00:01","slug":"elezioni-del-parlamento-europeo","status":"publish","type":"page","link":"https:\/\/source.votematch.eu\/it\/elezioni-del-parlamento-europeo\/","title":{"rendered":"Elezioni del Parlamento europeo"},"content":{"rendered":"\n<h2 class=\"wp-block-heading\">Per cosa votiamo alle elezioni europee?<\/h2>\n\n<p>In occasione delle elezioni europee, i cittadini eleggono i membri del Parlamento europeo (MEP). Questo avviene ogni cinque anni. Le ultime elezioni si sono svolte nel 2019, le prossime si terranno quest&#8217;anno, dal 6 al 9 giugno 2024.&#13;\nI cittadini votano per un politico o un partito politico che li rappresenti al Parlamento europeo. Si vota per i partiti in competizione tra loro nel proprio Paese, non si pu\u00f2 votare per partiti di altri Paesi europei o per una lista europea. Ogni Paese ha un numero specifico di seggi al Parlamento europeo.<\/p>\n\n<h2 class=\"wp-block-heading\">Che cosa fa il Parlamento europeo?<\/h2>\n\n<p>Il Parlamento europeo \u00e8 una delle istituzioni pi\u00f9 importanti dell&#8217;Unione europea. Insieme alla Commissione europea e al Consiglio dell&#8217;Unione europea, \u00e8 responsabile della legislazione che si applica all&#8217;intera Unione europea. Inoltre, il Parlamento europeo elegge il Presidente della Commissione, approva il bilancio europeo insieme al Consiglio europeo e svolge numerosi altri compiti. <\/p>\n\n<h2 class=\"wp-block-heading\">Come \u00e8 organizzato il Parlamento europeo?<\/h2>\n\n<p>Il Parlamento europeo \u00e8 composto da un massimo di 750 membri e da un presidente. Questo numero viene stabilito prima delle elezioni ed \u00e8 fissato a 720 membri per la prossima legislatura. Tutti i membri saranno eletti durante le elezioni di giugno. Ogni Stato membro riceve un numero specifico di seggi in base alla sua popolazione. Gli Stati membri hanno un minimo di 6 e un massimo di 96 seggi al Parlamento europeo. &#13;\nI membri del Parlamento europeo (MEP) formano gruppi politici all&#8217;interno del Parlamento basati su ideologie politiche condivise piuttosto che sulla nazionalit\u00e0. Ogni gruppo politico comprende quindi eurodeputati di diversi Stati membri con posizioni politiche simili.<\/p>\n\n<h2 class=\"wp-block-heading\">Cosa sono i partiti europei?<\/h2>\n\n<p>I cittadini non possono votare direttamente per i partiti europei, ma questi esistono. La maggior parte dei partiti nazionali \u00e8 affiliata a uno dei dieci partiti politici europei. Questi partiti corrispondono generalmente ai gruppi politici del Parlamento europeo, ma non completamente. Ad esempio, il Partito Verde Europeo e l&#8217;Alleanza Libera Europea sono due partiti distinti, ma formano un unico gruppo in Parlamento. I partiti europei sono diventati sempre pi\u00f9 importanti nel coordinamento a livello nazionale ed europeo, tra le istituzioni dell&#8217;UE e tra i loro eurodeputati. Attraverso i partiti europei, le posizioni politiche degli eurodeputati sono allineate, il che aumenta il loro impatto.<\/p>\n","protected":false},"excerpt":{"rendered":"<p>Per cosa votiamo alle elezioni europee? In occasione delle elezioni europee, i cittadini eleggono i membri del Parlamento europeo (MEP). Questo avviene ogni cinque anni. Le ultime elezioni si sono svolte nel 2019, le prossime si terranno quest&#8217;anno, dal 6 al 9 giugno 2024.&#13; I cittadini votano per un politico o un partito politico che [&hellip;]<\/p>\n","protected":false},"author":3,"featured_media":0,"parent":0,"menu_order":0,"comment_status":"closed","ping_status":"closed","template":"templates\/about.php","meta":{"_acf_changed":false,"footnotes":""},"class_list":["post-1455","page","type-page","status-publish","hentry"],"acf":[],"_links":{"self":[{"href":"https:\/\/source.votematch.eu\/it\/wp-json\/wp\/v2\/pages\/1455","targetHints":{"allow":["GET"]}}],"collection":[{"href":"https:\/\/source.votematch.eu\/it\/wp-json\/wp\/v2\/pages"}],"about":[{"href":"https:\/\/source.votematch.eu\/it\/wp-json\/wp\/v2\/types\/page"}],"author":[{"embeddable":true,"href":"https:\/\/source.votematch.eu\/it\/wp-json\/wp\/v2\/users\/3"}],"replies":[{"embeddable":true,"href":"https:\/\/source.votematch.eu\/it\/wp-json\/wp\/v2\/comments?post=1455"}],"version-history":[{"count":1,"href":"https:\/\/source.votematch.eu\/it\/wp-json\/wp\/v2\/pages\/1455\/revisions"}],"predecessor-version":[{"id":1456,"href":"https:\/\/source.votematch.eu\/it\/wp-json\/wp\/v2\/pages\/1455\/revisions\/1456"}],"wp:attachment":[{"href":"https:\/\/source.votematch.eu\/it\/wp-json\/wp\/v2\/media?parent=1455"}],"curies":[{"name":"wp","href":"https:\/\/api.w.org\/{rel}","templated":true}]}}