{"id":1466,"date":"2024-05-31T18:18:29","date_gmt":"2024-05-31T18:18:29","guid":{"rendered":"https:\/\/source.votematch.eu\/gyik\/"},"modified":"2024-05-31T18:18:29","modified_gmt":"2024-05-31T18:18:29","slug":"gyik","status":"publish","type":"page","link":"https:\/\/source.votematch.eu\/hu\/gyik\/","title":{"rendered":"GYIK"},"content":{"rendered":"\n<h3 class=\"wp-block-heading\">Mi az a VoteMatch Europe? <\/h3>\n\n<p>A VoteMatch Europe egy eszk\u00f6z az EU-v\u00e1laszt\u00e1sokhoz. Ezzel az eszk\u00f6zzel a v\u00e1laszt\u00f3k felfedezhetik, hogy az EU-ban mely politikai p\u00e1rtok felelnek meg legink\u00e1bb saj\u00e1t v\u00e9lem\u00e9ny\u00fcknek. A VoteMatch Europe c\u00e9lja, hogy t\u00e1j\u00e9koztassa a polg\u00e1rokat a politikai p\u00e1rtok \u00e1ll\u00e1spontj\u00e1r\u00f3l az eur\u00f3pai parlamenti v\u00e1laszt\u00e1sok el\u0151tt.\t\t\t\t\t\t\t\t\t\t\t\t\t\t&#13;\n<\/p>\n\n<h3 class=\"wp-block-heading\" id=\"mce_2\">Hogyan hat\u00e1rozzuk meg a VoteMatch Europe \u00e1ll\u00edt\u00e1sainak t\u00e9mak\u00f6reit? <\/h3>\n\n<p>A VoteMatch Europe projektben r\u00e9szt vev\u0151 nemzeti partnerek 2023 \u0151sz\u00e9n \u00e9s 2024 elej\u00e9n 25 k\u00f6z\u00f6s \u00e1ll\u00edt\u00e1sb\u00f3l \u00e1ll\u00f3 list\u00e1t k\u00e9sz\u00edtettek. A k\u00f6z\u00f6s \u00e1ll\u00edt\u00e1sok sora a szakpolitikai k\u00e9rd\u00e9sek sz\u00e9les sk\u00e1l\u00e1j\u00e1t fedi le minden olyan ter\u00fcleten, amelyr\u0151l az Eur\u00f3pai Parlament d\u00f6nt. A kijelent\u00e9sek az Eur\u00f3pai Parlament sz\u00e1m\u00e1ra az elk\u00f6vetkez\u0151 id\u0151szak fontos t\u00e9m\u00e1ir\u00f3l, valamint e k\u00e9rd\u00e9sek politikai relevanci\u00e1j\u00e1r\u00f3l a legt\u00f6bb EU-tag\u00e1llamban v\u00e9gzett iratkutat\u00e1son alapultak.<\/p>\n\n<h3 class=\"wp-block-heading\">Hogy ker\u00fclnek az \u00e1ll\u00edt\u00e1sok kiv\u00e1laszt\u00e1sra?<\/h3>\n\n<p>A VoteMatch Europe projekt r\u00e9sztvev\u0151 nemzeti partnerei 25 \u00e1ll\u00edt\u00e1sb\u00f3l \u00e1ll\u00f3 list\u00e1t k\u00e9sz\u00edtettek, amelyek k\u00fcl\u00f6nb\u00f6z\u0151 aktu\u00e1lis t\u00e9m\u00e1k \u00e9s k\u00e9rd\u00e9sek sz\u00e9les k\u00f6r\u00e9t fedik le. Arra k\u00e9rt\u00e9k az orsz\u00e1gukban az eur\u00f3pai parlamenti v\u00e1laszt\u00e1sokon r\u00e9szt vev\u0151 \u00f6sszes p\u00e1rtot, hogy v\u00e1laszoljanak ezekre a az \u00e1ll\u00edt\u00e1sokra.&#13;\nMinden nemzeti partner elk\u00e9sz\u00edti saj\u00e1t v\u00e1laszt\u00e1si orient\u00e1ci\u00f3s seg\u00edts\u00e9g\u00e9t (VAA), amely legal\u00e1bb 15-\u00f6t tartalmaz ebb\u0151l a 25 \u00e1ll\u00edt\u00e1sb\u00f3l. Az egyes partnerek \u00e1ltal kiv\u00e1lasztott \u00e1ll\u00edt\u00e1sok azon alapulnak, hogy mennyire relev\u00e1nsak az adott tag\u00e1llam sz\u00e1m\u00e1ra, valamint mennyire seg\u00edtenek differenci\u00e1lni a p\u00e1rtok k\u00f6z\u00f6tt. Minden nemzeti VAA tartalmazhat tov\u00e1bb\u00e1 a nemzeti partnerek \u00e1ltal megfogalmazott saj\u00e1t \u00e1ll\u00edt\u00e1sokat is.<\/p>\n\n<h3 class=\"wp-block-heading\">Hogyan kezeli a VoteMatch Europe az adatv\u00e9delmi el\u0151\u00edr\u00e1sokat?<\/h3>\n\n<p>Mi a VoteMatch Europe-n\u00e1l nagyon komolyan vessz\u00fck az \u00d6n mag\u00e1n\u00e9let\u00e9nek v\u00e9delm\u00e9t. Adatait biztons\u00e1gos m\u00f3don kezelj\u00fck \u00e9s lehet\u0151s\u00e9g szerint anonimiz\u00e1ljuk. A VoteMatch Europe szem\u00e9lyes adatainak feldolgoz\u00e1sa megfelel a vonatkoz\u00f3 adatv\u00e9delmi jogszab\u00e1lyok k\u00f6vetelm\u00e9nyeinek, bele\u00e9rtve az \u00e1ltal\u00e1nos adatv\u00e9delmi rendeletet is. Tov\u00e1bbi inform\u00e1ci\u00f3\u00e9rt olvassa el a teljes adatv\u00e9delmi nyilatkozatot [link].<\/p>\n\n<h3 class=\"wp-block-heading\">Ki finansz\u00edrozza a projektet?<\/h3>\n\n<p>Minden nemzeti partner maga finansz\u00edrozza a saj\u00e1t v\u00e1laszt\u00e1si orient\u00e1ci\u00f3s seg\u00edts\u00e9g\u00e9nek (VAA) kidolgoz\u00e1s\u00e1t. Az eur\u00f3pai VoteMatch-et r\u00e9szben az Eur\u00f3pai Politikai P\u00e1rtok \u00e9s Eur\u00f3pai Politikai Alap\u00edtv\u00e1nyok Hat\u00f3s\u00e1ga \u00e9s a berlini Eur\u00f3pa H\u00e1za finansz\u00edrozza. Az egy\u00e9b k\u00f6lts\u00e9geket a nemzeti partnerek viselik.<\/p>\n\n<h3 class=\"wp-block-heading\">A VoteMatch Europe egy tudom\u00e1nyos alkalmaz\u00e1s?<\/h3>\n\n<p>A VoteMatch Europe t\u00e1j\u00e9koztatja a polg\u00e1rokat az eur\u00f3pai parlamenti v\u00e1laszt\u00e1sokr\u00f3l, \u00e9s bemutatja a k\u00fcl\u00f6nb\u00f6z\u0151 orsz\u00e1gokban versenyz\u0151 p\u00e1rtok k\u00f6z\u00f6tti k\u00fcl\u00f6nbs\u00e9geket. Ez nem egy tudom\u00e1nyos eszk\u00f6z. Az eredm\u00e9nyeket javaslatk\u00e9nt kell kezelni\u00fck a v\u00e1laszt\u00f3knak, mellyel a saj\u00e1t kutat\u00e1sukat kezdhetik meg a tudatos szavaz\u00e1s \u00e9rdek\u00e9ben.<\/p>\n","protected":false},"excerpt":{"rendered":"<p>Mi az a VoteMatch Europe? A VoteMatch Europe egy eszk\u00f6z az EU-v\u00e1laszt\u00e1sokhoz. Ezzel az eszk\u00f6zzel a v\u00e1laszt\u00f3k felfedezhetik, hogy az EU-ban mely politikai p\u00e1rtok felelnek meg legink\u00e1bb saj\u00e1t v\u00e9lem\u00e9ny\u00fcknek. A VoteMatch Europe c\u00e9lja, hogy t\u00e1j\u00e9koztassa a polg\u00e1rokat a politikai p\u00e1rtok \u00e1ll\u00e1spontj\u00e1r\u00f3l az eur\u00f3pai parlamenti v\u00e1laszt\u00e1sok el\u0151tt. &#13; Hogyan hat\u00e1rozzuk meg a VoteMatch Europe \u00e1ll\u00edt\u00e1sainak t\u00e9mak\u00f6reit? [&hellip;]<\/p>\n","protected":false},"author":1,"featured_media":0,"parent":0,"menu_order":0,"comment_status":"closed","ping_status":"closed","template":"","meta":{"_acf_changed":false,"footnotes":""},"class_list":["post-1466","page","type-page","status-publish","hentry"],"acf":[],"_links":{"self":[{"href":"https:\/\/source.votematch.eu\/hu\/wp-json\/wp\/v2\/pages\/1466","targetHints":{"allow":["GET"]}}],"collection":[{"href":"https:\/\/source.votematch.eu\/hu\/wp-json\/wp\/v2\/pages"}],"about":[{"href":"https:\/\/source.votematch.eu\/hu\/wp-json\/wp\/v2\/types\/page"}],"author":[{"embeddable":true,"href":"https:\/\/source.votematch.eu\/hu\/wp-json\/wp\/v2\/users\/1"}],"replies":[{"embeddable":true,"href":"https:\/\/source.votematch.eu\/hu\/wp-json\/wp\/v2\/comments?post=1466"}],"version-history":[{"count":1,"href":"https:\/\/source.votematch.eu\/hu\/wp-json\/wp\/v2\/pages\/1466\/revisions"}],"predecessor-version":[{"id":1467,"href":"https:\/\/source.votematch.eu\/hu\/wp-json\/wp\/v2\/pages\/1466\/revisions\/1467"}],"wp:attachment":[{"href":"https:\/\/source.votematch.eu\/hu\/wp-json\/wp\/v2\/media?parent=1466"}],"curies":[{"name":"wp","href":"https:\/\/api.w.org\/{rel}","templated":true}]}}