{"id":1505,"date":"2024-05-31T19:52:01","date_gmt":"2024-05-31T19:52:01","guid":{"rendered":"https:\/\/source.votematch.eu\/elecciones-al-parlamento-europeo\/"},"modified":"2024-05-31T19:52:02","modified_gmt":"2024-05-31T19:52:02","slug":"elecciones-al-parlamento-europeo","status":"publish","type":"page","link":"https:\/\/source.votematch.eu\/es\/elecciones-al-parlamento-europeo\/","title":{"rendered":"Elecciones al Parlamento Europeo"},"content":{"rendered":"\n<h2 class=\"wp-block-heading\">\u00bfQu\u00e9 votamos en las elecciones europeas?<\/h2>\n\n<p>Durante las elecciones europeas, los ciudadanos eligen a los miembros del Parlamento Europeo (PE). Esto ocurre cada cinco a\u00f1os. Las \u00faltimas elecciones tuvieron lugar en 2019, la pr\u00f3xima es este a\u00f1o, del 6 al 9 de junio de 2024.&#13;\nLos ciudadanos votan a los pol\u00edticos o a un partido pol\u00edtico para representarlos en el Parlamento Europeo. Votan por partidos que compiten entre s\u00ed en su pa\u00eds, no pueden votar por partidos en otros pa\u00edses europeos o por una lista europea. Cada pa\u00eds tiene un n\u00famero espec\u00edfico de esca\u00f1os en el Parlamento Europeo.<\/p>\n\n<h2 class=\"wp-block-heading\">\u00bfQu\u00e9 hace el Parlamento Europeo?<\/h2>\n\n<p>El Parlamento Europeo es una de las instituciones m\u00e1s importantes de la Uni\u00f3n Europea. Junto con la Comisi\u00f3n Europea y el Consejo de la Uni\u00f3n Europea, es responsable de elaborar legislaci\u00f3n que se aplica a toda la Uni\u00f3n Europea. Adem\u00e1s, el Parlamento Europeo elige al Presidente de la Comisi\u00f3n Europea, y aprueba el presupuesto europeo junto con el Consejo Europeo, entre otras tareas. <\/p>\n\n<h2 class=\"wp-block-heading\">\u00bfC\u00f3mo est\u00e1 organizado el Parlamento Europeo?<\/h2>\n\n<p>El Parlamento Europeo est\u00e1 compuesto por un m\u00e1ximo de 750 miembros y un presidente. Este n\u00famero se determina antes de las elecciones y se fija en 720 miembros para el pr\u00f3ximo mandato del Parlamento. Todos los miembros ser\u00e1n elegidos durante las elecciones de junio. Cada Estado miembro recibe un n\u00famero espec\u00edfico de esca\u00f1os en funci\u00f3n de su poblaci\u00f3n. Los Estados miembros tienen un m\u00ednimo de 6 y un m\u00e1ximo de 96 esca\u00f1os en el Parlamento Europeo. &#13;\nLos diputados al Parlamento Europeo (DPEs) forman grupos pol\u00edticos en el Parlamento basados en ideolog\u00edas pol\u00edticas compartidas y no en la nacionalidad. Por lo tanto, cada grupo pol\u00edtico incluye eurodiputados de diferentes estados miembros con posiciones pol\u00edticas similares.<\/p>\n\n<h2 class=\"wp-block-heading\">\u00bfQu\u00e9 son los partidos europeos?<\/h2>\n\n<p>A pesar de que los ciudadanos no pueden votar directamente por los partidos europeos, estos existen. La mayor\u00eda de los partidos nacionales est\u00e1n afiliados a uno de los diez partidos pol\u00edticos europeos. Estos partidos corresponden generalmente a los grupos pol\u00edticos del Parlamento Europeo, pero no del todo. Por ejemplo, el Partido Verde Europeo y la Alianza Libre Europea son dos partidos separados, pero forman un grupo en el Parlamento. Los partidos europeos se han vuelto cada vez m\u00e1s importantes en la coordinaci\u00f3n entre los niveles nacional y europeo, entre las instituciones de la UE y entre sus diputados al Parlamento Europeo. A trav\u00e9s de los partidos europeos, las posiciones pol\u00edticas de sus eurodiputados est\u00e1n alineadas, lo que aumenta su impacto.<\/p>\n","protected":false},"excerpt":{"rendered":"<p>\u00bfQu\u00e9 votamos en las elecciones europeas? Durante las elecciones europeas, los ciudadanos eligen a los miembros del Parlamento Europeo (PE). Esto ocurre cada cinco a\u00f1os. Las \u00faltimas elecciones tuvieron lugar en 2019, la pr\u00f3xima es este a\u00f1o, del 6 al 9 de junio de 2024.&#13; Los ciudadanos votan a los pol\u00edticos o a un partido [&hellip;]<\/p>\n","protected":false},"author":3,"featured_media":0,"parent":0,"menu_order":0,"comment_status":"closed","ping_status":"closed","template":"templates\/about.php","meta":{"_acf_changed":false,"footnotes":""},"class_list":["post-1505","page","type-page","status-publish","hentry"],"acf":[],"_links":{"self":[{"href":"https:\/\/source.votematch.eu\/es\/wp-json\/wp\/v2\/pages\/1505","targetHints":{"allow":["GET"]}}],"collection":[{"href":"https:\/\/source.votematch.eu\/es\/wp-json\/wp\/v2\/pages"}],"about":[{"href":"https:\/\/source.votematch.eu\/es\/wp-json\/wp\/v2\/types\/page"}],"author":[{"embeddable":true,"href":"https:\/\/source.votematch.eu\/es\/wp-json\/wp\/v2\/users\/3"}],"replies":[{"embeddable":true,"href":"https:\/\/source.votematch.eu\/es\/wp-json\/wp\/v2\/comments?post=1505"}],"version-history":[{"count":1,"href":"https:\/\/source.votematch.eu\/es\/wp-json\/wp\/v2\/pages\/1505\/revisions"}],"predecessor-version":[{"id":1506,"href":"https:\/\/source.votematch.eu\/es\/wp-json\/wp\/v2\/pages\/1505\/revisions\/1506"}],"wp:attachment":[{"href":"https:\/\/source.votematch.eu\/es\/wp-json\/wp\/v2\/media?parent=1505"}],"curies":[{"name":"wp","href":"https:\/\/api.w.org\/{rel}","templated":true}]}}