{"id":1503,"date":"2024-05-31T19:45:39","date_gmt":"2024-05-31T19:45:39","guid":{"rendered":"https:\/\/source.votematch.eu\/preguntas-mas-frecuentes\/"},"modified":"2024-05-31T19:45:40","modified_gmt":"2024-05-31T19:45:40","slug":"preguntas-mas-frecuentes","status":"publish","type":"page","link":"https:\/\/source.votematch.eu\/es\/preguntas-mas-frecuentes\/","title":{"rendered":"Preguntas m\u00e1s frecuentes"},"content":{"rendered":"\n<h3 class=\"wp-block-heading\">\u00bfQu\u00e9 es VoteMatch Europe?<\/h3>\n\n<p>VoteMatch Europe es una herramienta educativa para informar a los ciudadanos sobre las elecciones del Parlamento Europeo. Permite que los ciudadanos comparen sus posiciones pol\u00edticas a nivel nacional con otros partidos pol\u00edticos en diversos pa\u00edses Europeos.<\/p>\n\n<h3 class=\"wp-block-heading\" id=\"mce_2\">\u00bfC\u00f3mo se deciden los temas de las preguntas\/afimaciones de VoteMatch Europe?<\/h3>\n\n<p>Los socios nacionales participantes del proyecto VoteMatch Europe prepararon una lista de 25 preguntas\/afirmaciones comunes durante el oto\u00f1o de 2023 y principios de 2024. El conjunto de afirmaciones comunes abarca una amplia gama de cuestiones pol\u00edticas en todos los \u00e1mbitos sobre los que decide el Parlamento Europeo. Las afirmaciones se basaron en la investigaci\u00f3n documental sobre los temas importantes para el Parlamento Europeo en el pr\u00f3ximo per\u00edodo y la relevancia pol\u00edtica de estos temas en la mayor\u00eda de los Estados miembros de la UE. <\/p>\n\n<h3 class=\"wp-block-heading\">\u00bfC\u00f3mo se eligen las afirmaciones que forman parte del VoteMatch?<\/h3>\n\n<p>Los socios locales del proyecto VoteMatch Europe colaboraron en el dise\u00f1o de una lista de 16 afirmaciones, que cubren distintos temas y asuntos. Estas afirmaciones se usan en todas las aplicaciones de ayuda al voto locales, en algunos casos complementadas con m\u00e1s afirmaciones locales.<\/p>\n\n<h3 class=\"wp-block-heading\">\u00bfC\u00f3mo gestiona VoteMatch Europe los requerimientos de privacidad?<\/h3>\n\n<p>VoteMatch Europe y sus socios tienen un compromiso con los usuarios a ser muy cuidadosos con temas de privacidad. El aviso de privacidad de votematch.eu contiene m\u00e1s detalles sobre c\u00f3mo cuidamos la privacidad de los usuarios.<\/p>\n\n<h3 class=\"wp-block-heading\">\u00bfQui\u00e9n provee de fondos a este proyecto?<\/h3>\n\n<p>La principal organizaci\u00f3n que otorga fondos es la BPB, la Federaci\u00f3n Alemania para la Educaci\u00f3n C\u00edvica. Nuestro socio neerland\u00e9s ProDemos-Casa de la Democracia y el Estado de Derecho contribuye con la administraci\u00f3n del proyecto. El Goethe Institut ha otorgado fondos para la traducci\u00f3n y apoyo para la promoci\u00f3n de la herramienta.<\/p>\n\n<h3 class=\"wp-block-heading\">\u00bfEs VoteMatch EU una herramienta cient\u00edfica?<\/h3>\n\n<p>VoteMatch EU informa a los ciudadanos sobre las elecciones al Parlamento Europeo y muestra las diferencias program\u00e1ticas entre los partidos que se presentan en los diferentes pa\u00edses. No es una herramienta cient\u00edfica los resultados que se muestran deben ser considerados como una sugerencia para que los votantes comiencen su propia investigaci\u00f3n hacia un voto realmente informado.<\/p>\n","protected":false},"excerpt":{"rendered":"<p>\u00bfQu\u00e9 es VoteMatch Europe? VoteMatch Europe es una herramienta educativa para informar a los ciudadanos sobre las elecciones del Parlamento Europeo. Permite que los ciudadanos comparen sus posiciones pol\u00edticas a nivel nacional con otros partidos pol\u00edticos en diversos pa\u00edses Europeos. \u00bfC\u00f3mo se deciden los temas de las preguntas\/afimaciones de VoteMatch Europe? Los socios nacionales participantes [&hellip;]<\/p>\n","protected":false},"author":1,"featured_media":0,"parent":0,"menu_order":0,"comment_status":"closed","ping_status":"closed","template":"","meta":{"_acf_changed":false,"footnotes":""},"class_list":["post-1503","page","type-page","status-publish","hentry"],"acf":[],"_links":{"self":[{"href":"https:\/\/source.votematch.eu\/es\/wp-json\/wp\/v2\/pages\/1503","targetHints":{"allow":["GET"]}}],"collection":[{"href":"https:\/\/source.votematch.eu\/es\/wp-json\/wp\/v2\/pages"}],"about":[{"href":"https:\/\/source.votematch.eu\/es\/wp-json\/wp\/v2\/types\/page"}],"author":[{"embeddable":true,"href":"https:\/\/source.votematch.eu\/es\/wp-json\/wp\/v2\/users\/1"}],"replies":[{"embeddable":true,"href":"https:\/\/source.votematch.eu\/es\/wp-json\/wp\/v2\/comments?post=1503"}],"version-history":[{"count":1,"href":"https:\/\/source.votematch.eu\/es\/wp-json\/wp\/v2\/pages\/1503\/revisions"}],"predecessor-version":[{"id":1504,"href":"https:\/\/source.votematch.eu\/es\/wp-json\/wp\/v2\/pages\/1503\/revisions\/1504"}],"wp:attachment":[{"href":"https:\/\/source.votematch.eu\/es\/wp-json\/wp\/v2\/media?parent=1503"}],"curies":[{"name":"wp","href":"https:\/\/api.w.org\/{rel}","templated":true}]}}