{"id":1412,"date":"2024-05-17T07:58:24","date_gmt":"2024-05-17T07:58:24","guid":{"rendered":"https:\/\/source.votematch.eu\/privacy-statement-votematch-europe\/"},"modified":"2024-05-17T09:20:13","modified_gmt":"2024-05-17T09:20:13","slug":"privacy-statement-votematch-europe","status":"publish","type":"page","link":"https:\/\/source.votematch.eu\/de\/privacy-statement-votematch-europe\/","title":{"rendered":"Privacy Statement VoteMatch Europe"},"content":{"rendered":"\n<p><p style=\"margin: 0in; font-family: Calibri; font-size: 12.0pt;\">1. M\u00e4rz 2024<\/p><\/p>\n\n<p>Wir bei VoteMatch Europe nehmen den Schutz Ihrer Daten sehr ernst. Ihre Daten werden auf sichere Art und Weise verarbeitet und wo immer m\u00f6glich anonymisiert. Die Verarbeitung personenbezogener Daten durch VoteMatch Europe erfolgt in \u00dcbereinstimmung mit den Anforderungen der geltenden Datenschutzgesetze, einschlie\u00dflich der Datenschutzgrundverordnung. Das bedeutet, dass wir:<\/p>\n\n<ul class=\"wp-block-list\">\n<li>unsere <strong>Zwecke klar angeben<\/strong>, bevor wir personenbezogene Daten verarbeiten, indem wir diese Datenschutzerkl\u00e4rung verwenden;<\/li>\n\n\n\n<li>die <strong>Erhebung<\/strong> personenbezogener Daten auf die f\u00fcr rechtm\u00e4\u00dfige Zwecke erforderlichen Daten <strong>beschr\u00e4nken<\/strong>;<\/li>\n\n\n\n<li>Sie in F\u00e4llen, in denen Ihre Zustimmung erforderlich ist, zun\u00e4chst um Ihre <strong>ausdr\u00fcckliche Zustimmung<\/strong> zur Verarbeitung Ihrer personenbezogenen Daten bitten;<\/li>\n\n\n\n<li><strong>angemessene Sicherheitsma\u00dfnahmen<\/strong> ergreifen, um Ihre personenbezogenen Daten zu sch\u00fctzen, und dasselbe von den dritten verlangen, die personenbezogene Daten in unserem Namen verarbeiten;<\/li>\n\n\n\n<li>Ihr <strong>Recht auf Zugang, Berichtigung oder L\u00f6schung<\/strong> Ihrer bei uns gespeicherten personenbezogenen Daten respektieren.<\/li>\n<\/ul>\n\n<h3 class=\"wp-block-heading\">Wer steht hinter VoteMatch Europe?<\/h3>\n\n<p>ProDemos, Haus f\u00fcr Demokratie und Rechtsstaatlichkeit ist f\u00fcr die gesamte Datenverarbeitung verantwortliche (der Verantwortliche). Diese Datenschutzerkl\u00e4rung erl\u00e4utert, welche Art von personenbezogenen Daten und zu welchen Zwecken unsere Website VoteMatch Europe diese sammelt. Wir empfehlen Ihnen, sie sorgf\u00e4ltig zu lesen.<\/p>\n\n<p>Sollten Sie Fragen zur Verarbeitung personenbezogener Daten haben, k\u00f6nnen Sie sich gerne an uns wenden. <\/p>\n\n<p>ProDemos, Haus f\u00fcr Demokratie und Rechtsstaatlichkeit&#13;\nHofweg 1H&#13;\n2511 AA The Hague&#13;\nprivacy@prodemos.nl&#13;\n0031707570200<\/p>\n\n<h3 class=\"wp-block-heading\">Welche technischen Daten verarbeiten wir?<\/h3>\n\n<p>Um sicherzustellen, dass der Server von VoteMatch Europe ordnungsgem\u00e4\u00df funktioniert, speichern wir die folgenden technischen Daten:<\/p>\n\n<ul class=\"wp-block-list\">\n<li>Die Tatsache, dass Sie VoteMatch starten<\/li>\n\n\n\n<li>Die Uhrzeit des Starts von VoteMatch<\/li>\n\n\n\n<li>Welches Ger\u00e4t Sie verwenden<\/li>\n\n\n\n<li>Welches Betriebssystem Sie verwenden<\/li>\n\n\n\n<li>Welchen Browser Sie verwenden<\/li>\n<\/ul>\n\n<p>Die technischen Daten werden f\u00fcr maximal drei\u00dfig (30) Tage gespeichert. Danach werden die Daten gel\u00f6scht.<\/p>\n\n<h3 class=\"wp-block-heading\">Welche personenbezogenen Daten verarbeiten wir, damit VoteMatch Europe ordnungsgem\u00e4\u00df funktionieren kann?<\/h3>\n\n<p>Wir verwenden Ihre personenbezogenen Daten, um Ihnen zu zeigen, wie Ihre Antworten im Vergleich zu den Positionen der politischen Parteien in anderen Mitgliedstaaten aussehen. <\/p>\n\n<p>Wir erhalten personenbezogene Daten von nationalen Angeboten, sogenannten Voting Advice Applications (VAAs), die von Partnerorganisationen innerhalb der EU gehostet werden. ProDemos hat mit allen Partnerorganisationen Vereinbarungen \u00fcber die \u00dcbermittlung personenbezogener Daten getroffen. In diesen Vereinbarungen ist festgelegt, dass die Daten nur nach Ihrer ausdr\u00fccklichen Zustimmung auf die Server von ProDemos \u00fcbertragen werden. <\/p>\n\n<p>Wir verwenden die folgenden personenbezogenen Daten, um Ihnen Einblick in Ihr Ergebnis auf EU-Ebene zu geben:<\/p>\n\n<ul class=\"wp-block-list\">\n<li>Ihre Antworten auf 15 gemeinsame Thesen;<\/li>\n\n\n\n<li>Die \u00dcbereinstimmungen Ihrer Antworten mit den Antworten der politischen Parteien, berechnet in Prozent; <\/li>\n\n\n\n<li>Das Land der nationalen VAA; und<\/li>\n\n\n\n<li>Technische Informationen (z. B. die von Ihnen gew\u00e4hlte Sprache).<\/li>\n<\/ul>\n\n<h3 class=\"wp-block-heading\">Zu welchen Zwecken verarbeiten wir Ihre personenbezogenen Daten?<\/h3>\n\n<p>Wir verarbeiten Ihre personenbezogenen Daten f\u00fcr die folgenden Zwecke:<\/p>\n\n<ul class=\"wp-block-list\">\n<li>um Ihnen die Nutzung von VoteMatch zu erm\u00f6glichen;<\/li>\n\n\n\n<li>um die Sicherheit von VoteMatch zu gew\u00e4hrleisten;<\/li>\n\n\n\n<li>um Statistiken \u00fcber die Nutzung von VoteMatch Europe zu f\u00fchren; und<\/li>\n\n\n\n<li>um Ihnen zu zeigen, wie weit Ihre Antworten mit den Positionen der politischen Parteien in anderen Mitgliedsstaaten \u00fcbereinstimmen. <\/li>\n<\/ul>\n\n<h3 class=\"wp-block-heading\">Wie lange werden die pers\u00f6nlichen Daten gespeichert?<\/h3>\n\n<p>Wenn Sie VoteMatch Europe schlie\u00dfen, werden alle Ihre Antworten und andere Daten anschlie\u00dfend vom VoteMatch Europe-Server gel\u00f6scht.<\/p>\n\n<h3 class=\"wp-block-heading\">Wie verarbeiten wir Ihre pers\u00f6nlichen Daten?<\/h3>\n\n<p>Wir behandeln Ihre Daten mit h\u00f6chster Vertraulichkeit. Wir geben Ihre pers\u00f6nlichen Daten unter keinen Umst\u00e4nden an andere Institutionen, Unternehmen oder Organisationen weiter, es sei denn, wir sind gesetzlich dazu verpflichtet (z.B. wenn die Polizei im Falle eines Verdachts auf eine Straftat Zugang zu pers\u00f6nlichen Daten verlangt). Wir erhalten nur Daten von nationalen VAAs, mit denen wir eine Daten\u00fcbertragungsvereinbarung abgeschlossen haben, die strenge Vorkehrungen in Bezug auf Sicherheit und Datenschutz enth\u00e4lt. <\/p>\n\n<h3 class=\"wp-block-heading\">Welche analytischen Daten werden von Matomo gesammelt?<\/h3>\n\n<p>VoteMatch Europe nutzt Matomo, um die Nutzung unserer Website zu analysieren, damit wir sie noch benutzerfreundlicher gestalten k\u00f6nnen. Wir verwenden keine Cookies und speichern keine erkennbaren IP-Adressen. Die Daten, die wir erhalten, werden auf unseren eigenen Servern gespeichert. Diese Server befinden sich in den Niederlanden und werden von unserem eigenen Team gewartet. Die Daten, die wir speichern, sind:<\/p>\n\n<ul class=\"wp-block-list\" start=\"0\">\n<li>Die maskierte IP-Adresse;<\/li>\n\n\n\n<li>Die Webseiten (Titel und URL), die Sie besucht haben, sowie Datum und Uhrzeit Ihres Besuchs;<\/li>\n\n\n\n<li>Referrer URL (die Seite, auf der Sie einen Link angeklickt haben, der Sie zu VoteMatch geschickt hat);<\/li>\n\n\n\n<li>Verwendete ausgehende Links (Hyperlinks zu einer fremden Domain, auf die Sie geklickt haben) <\/li>\n\n\n\n<li>Gesch\u00e4tzter Standort (basierend auf der Sprache Ihres Browsers)<\/li>\n\n\n\n<li>Bildschirmaufl\u00f6sung, Ihre Ortszeit, Geschwindigkeit der Website, Browsersprache;<\/li>\n\n\n\n<li>Browserversion, Betriebssystemversion, Ger\u00e4t (Laptop, Smartphone, Tablet usw.)<\/li>\n<\/ul>\n\n<p>Diese analytischen Daten werden nach 16 Monaten gel\u00f6scht.<\/p>\n\n<h3 class=\"wp-block-heading\">Sicherheit<\/h3>\n\n<p>Wir ergreifen Sicherheitsma\u00dfnahmen, um den Missbrauch von und den unbefugten Zugriff auf personenbezogene Daten zu verringern. Wir \u00fcbernehmen die Verantwortung f\u00fcr die Sicherheit Ihrer personenbezogenen Daten. Wir erneuern unsere Sicherheitsma\u00dfnahmen, um die sichere Speicherung personenbezogener Daten zu gew\u00e4hrleisten und zu verfolgen, was schief gehen k\u00f6nnte.<\/p>\n\n<h3 class=\"wp-block-heading\">Datenschutzbeauftragter<\/h3>\n\n<p>Wir haben einen sogenannten Datenschutzbeauftragten ernannt. Diese Person ist f\u00fcr Datenschutzangelegenheiten innerhalb unserer Organisation verantwortlich. Unser Datenschutzbeauftragter ist David Muntslag und steht Ihnen per E-Mail (privacy@prodemos.nl) oder telefonisch (0031707570200) f\u00fcr alle Fragen und Anliegen zur Verf\u00fcgung.<\/p>\n\n<h3 class=\"wp-block-heading\">\u00c4nderungen an dieser Datenschutzerkl\u00e4rung<\/h3>\n\n<p>Wir behalten uns das Recht vor, diese Erkl\u00e4rung zu \u00e4ndern. Wir empfehlen Ihnen, diese Erkl\u00e4rung regelm\u00e4\u00dfig zu lesen, damit Sie \u00fcber etwaige \u00c4nderungen informiert bleiben.<\/p>\n\n<h3 class=\"wp-block-heading\">Einsichtnahme und \u00c4nderung Ihrer Daten<\/h3>\n\n<p>Sie k\u00f6nnen sich jederzeit an uns wenden, wenn Sie Fragen zu unseren Datenschutzbestimmungen haben oder Ihre personenbezogenen Daten einsehen, \u00e4ndern oder l\u00f6schen m\u00f6chten.<\/p>\n\n<p>Sie haben die folgenden Rechte:<\/p>\n\n<ul class=\"wp-block-list\">\n<li>Recht auf Auskunft: Sie haben das Recht zu erfahren, welche personenbezogenen Daten wir \u00fcber Sie verarbeitet haben.<\/li>\n\n\n\n<li>Recht auf Berichtigung: Sie haben das Recht, alle personenbezogenen Daten, die wir \u00fcber Sie verarbeitet haben, zu berichtigen, wenn diese Informationen (teilweise) falsch sind.<\/li>\n\n\n\n<li>Recht auf Beschwerde: Sie haben das Recht, eine Beschwerde gegen die Verarbeitung Ihrer personenbezogenen Daten durch uns oder gegen Direktmarketing einzureichen.<\/li>\n\n\n\n<li>Recht auf Vergessenwerden: Sie k\u00f6nnen bei uns beantragen, dass alle von uns verarbeiteten personenbezogenen Daten \u00fcber Sie gel\u00f6scht werden.<\/li>\n\n\n\n<li>Recht auf Daten\u00fcbertragbarkeit: Sie haben das Recht, von uns zu verlangen, dass wir Ihre verarbeiteten personenbezogenen Daten an einen Dritten weitergeben, sofern dies technisch m\u00f6glich ist.<\/li>\n\n\n\n<li>Recht auf Einschr\u00e4nkung der Verarbeitung: Sie k\u00f6nnen bei uns beantragen, dass die Verarbeitung Ihrer personenbezogenen Daten (vor\u00fcbergehend) eingeschr\u00e4nkt wird.<\/li>\n<\/ul>\n\n<p>Wenn Sie eines der oben genannten Rechte aus\u00fcben wollen, werden wir Sie bitten, sich zu identifizieren. Da wir keine personenbezogenen Daten speichern, mit denen Sie identifiziert werden k\u00f6nnen, m\u00fcssen wir Sie m\u00f6glicherweise um einige Informationen bitten, um Ihre Angaben zu \u00fcberpr\u00fcfen. Dies kann zum Beispiel Ihre IP-Adresse sein.<\/p>\n\n<p>In der Regel werden wir Ihrem Antrag innerhalb von 30 Tagen nachkommen. Diese Frist kann verl\u00e4ngert werden, wenn sich der Antrag als komplex erweist. Sie werden \u00fcber eine m\u00f6gliche Verl\u00e4ngerung dieser Frist benachrichtigt.<\/p>\n\n<h3 class=\"wp-block-heading\">Reklamationen<\/h3>\n\n<p>Wenn Sie sich \u00fcber die Verwendung Ihrer personenbezogenen Daten durch uns beschweren m\u00f6chten, k\u00f6nnen Sie uns eine E-Mail an privacy@prodemos.nl schicken.<\/p>\n\n<p>Wenn wir die Angelegenheit nicht zufriedenstellend l\u00f6sen k\u00f6nnen, k\u00f6nnen Sie eine Beschwerde bei der <a href=\"https:\/\/autoriteitpersoonsgegevens.nl\/themas\/basis-avg\/privacyrechten-avg\">niederl\u00e4ndischen Datenschutzbeh\u00f6rde<\/a> einreichen. Die niederl\u00e4ndische Datenschutzbeh\u00f6rde \u00fcberwacht die Verwendung von personenbezogenen Daten in den Niederlanden.<\/p>\n","protected":false},"excerpt":{"rendered":"<p>1. M\u00e4rz 2024 Wir bei VoteMatch Europe nehmen den Schutz Ihrer Daten sehr ernst. Ihre Daten werden auf sichere Art und Weise verarbeitet und wo immer m\u00f6glich anonymisiert. Die Verarbeitung personenbezogener Daten durch VoteMatch Europe erfolgt in \u00dcbereinstimmung mit den Anforderungen der geltenden Datenschutzgesetze, einschlie\u00dflich der Datenschutzgrundverordnung. Das bedeutet, dass wir: Wer steht hinter VoteMatch [&hellip;]<\/p>\n","protected":false},"author":1,"featured_media":0,"parent":0,"menu_order":0,"comment_status":"closed","ping_status":"open","template":"","meta":{"_acf_changed":false,"footnotes":""},"class_list":["post-1412","page","type-page","status-publish","hentry"],"acf":[],"_links":{"self":[{"href":"https:\/\/source.votematch.eu\/de\/wp-json\/wp\/v2\/pages\/1412","targetHints":{"allow":["GET"]}}],"collection":[{"href":"https:\/\/source.votematch.eu\/de\/wp-json\/wp\/v2\/pages"}],"about":[{"href":"https:\/\/source.votematch.eu\/de\/wp-json\/wp\/v2\/types\/page"}],"author":[{"embeddable":true,"href":"https:\/\/source.votematch.eu\/de\/wp-json\/wp\/v2\/users\/1"}],"replies":[{"embeddable":true,"href":"https:\/\/source.votematch.eu\/de\/wp-json\/wp\/v2\/comments?post=1412"}],"version-history":[{"count":5,"href":"https:\/\/source.votematch.eu\/de\/wp-json\/wp\/v2\/pages\/1412\/revisions"}],"predecessor-version":[{"id":1420,"href":"https:\/\/source.votematch.eu\/de\/wp-json\/wp\/v2\/pages\/1412\/revisions\/1420"}],"wp:attachment":[{"href":"https:\/\/source.votematch.eu\/de\/wp-json\/wp\/v2\/media?parent=1412"}],"curies":[{"name":"wp","href":"https:\/\/api.w.org\/{rel}","templated":true}]}}