{"id":1410,"date":"2024-05-17T07:53:14","date_gmt":"2024-05-17T07:53:14","guid":{"rendered":"https:\/\/source.votematch.eu\/wahlen-zum-europaeischen-parlament\/"},"modified":"2024-05-31T16:31:13","modified_gmt":"2024-05-31T16:31:13","slug":"wahlen-zum-europaeischen-parlament","status":"publish","type":"page","link":"https:\/\/source.votematch.eu\/de\/wahlen-zum-europaeischen-parlament\/","title":{"rendered":"Wahlen zum Europ\u00e4ischen Parlament"},"content":{"rendered":"\n<h2 class=\"wp-block-heading\">Wof\u00fcr stimmen wir bei der EU-Wahl?<\/h2>\n\n<p>Bei den Europawahlen w\u00e4hlen die B\u00fcrgerinnen und B\u00fcrger die Mitglieder des Europ\u00e4ischen Parlaments (MdEPs). Dies geschieht alle f\u00fcnf Jahre. Die letzten Wahlen fanden 2019 statt, die n\u00e4chsten sind in diesem Jahr, am 6. Juni 2024. Die B\u00fcrgerinnen und B\u00fcrger w\u00e4hlen eine politische Partei, die sie im Europ\u00e4ischen Parlament vertreten sollen. Sie stimmen f\u00fcr Parteien, die in ihrem Land zur Wahl zugelassen werden, sie k\u00f6nnen nicht f\u00fcr Parteien in anderen europ\u00e4ischen L\u00e4ndern oder f\u00fcr eine europ\u00e4ische Liste stimmen. Jedes Land hat eine bestimmte Anzahl von Sitzen im Europ\u00e4ischen Parlament.<\/p>\n\n<h2 class=\"wp-block-heading\">Was macht das Europ\u00e4ische Parlament?<\/h2>\n\n<p>Das Europ\u00e4ische Parlament ist eine der wichtigsten Institutionen der Europ\u00e4ischen Union. Gemeinsam mit der Europ\u00e4ischen Kommission und dem Rat der Europ\u00e4ischen Union ist es f\u00fcr die Gesetzgebung verantwortlich, die f\u00fcr die gesamte Europ\u00e4ische Union gilt. Dar\u00fcber hinaus w\u00e4hlt das Europ\u00e4ische Parlament den Kommissionspr\u00e4sidenten, genehmigt gemeinsam mit dem Europ\u00e4ischen Rat den europ\u00e4ischen Haushalt und hat zahlreiche weitere Aufgaben.<\/p>\n\n<h2 class=\"wp-block-heading\">Wie ist das Europ\u00e4ische Parlament aufgebaut?<\/h2>\n\n<p>Das Europ\u00e4ische Parlament besteht aus maximal 750 Mitgliedern und einem Pr\u00e4sidenten, bzw. einer Pr\u00e4sidentin. Diese Anzahl wird vor den Wahlen festgelegt und f\u00fcr die n\u00e4chste Legislaturperiode ist sie auf 720 Mitglieder festgesetzt worden. Alle Mitglieder des Parlaments werden bei den Wahlen im Juni 2024 gew\u00e4hlt. Jeder Mitgliedstaat erh\u00e4lt eine bestimmte Anzahl von Sitzen, die sich nach seiner Bev\u00f6lkerungszahl richtet. Die Mitgliedstaaten verf\u00fcgen \u00fcber mindestens 6 und h\u00f6chstens 96 Sitze im Europ\u00e4ischen Parlament. Die Mitglieder des Europ\u00e4ischen Parlaments (MdEP) bilden im Parlament Fraktionen, die auf gemeinsamen politischen Zielen und nicht auf der Nationalit\u00e4t basieren. Jede Fraktion umfasst daher Abgeordnete aus verschiedenen Mitgliedstaaten mit \u00e4hnlichen politischen Positionen.<\/p>\n\n<h2 class=\"wp-block-heading\">Was sind europ\u00e4ische politische Parteien?<\/h2>\n\n<p>Die B\u00fcrgerinnen und B\u00fcrger k\u00f6nnen zwar nicht direkt die europ\u00e4ischen politischen Parteien w\u00e4hlen, doch sind die meisten nationalen Parteien mit einer der zehn europ\u00e4ischen politischen Parteien verbunden. Diese Parteien entsprechen manchmal den Fraktionen im Europ\u00e4ischen Parlament.So sind beispielsweise die Europ\u00e4ische Gr\u00fcne Partei und die Europ\u00e4ische Freie Allianz zwei verschiedene Parteien, die jedoch eine Fraktion im Parlament bilden. Die europ\u00e4ischen politischen Parteien haben bei der Koordinierung zwischen der nationalen und der europ\u00e4ischen Ebene, zwischen den EU-Institutionen und zwischen ihren Abgeordneten im Europ\u00e4ischen Parlament zunehmend an Bedeutung gewonnen. Durch die europ\u00e4ischen politischeb Parteien werden die politischen Positionen ihrer Abgeordneten im Europ\u00e4ischen Parlament angeglichen, was ihren Einfluss erh\u00f6ht.<\/p>\n","protected":false},"excerpt":{"rendered":"<p>Wof\u00fcr stimmen wir bei der EU-Wahl? Bei den Europawahlen w\u00e4hlen die B\u00fcrgerinnen und B\u00fcrger die Mitglieder des Europ\u00e4ischen Parlaments (MdEPs). Dies geschieht alle f\u00fcnf Jahre. Die letzten Wahlen fanden 2019 statt, die n\u00e4chsten sind in diesem Jahr, am 6. Juni 2024. Die B\u00fcrgerinnen und B\u00fcrger w\u00e4hlen eine politische Partei, die sie im Europ\u00e4ischen Parlament vertreten [&hellip;]<\/p>\n","protected":false},"author":3,"featured_media":0,"parent":0,"menu_order":0,"comment_status":"closed","ping_status":"closed","template":"templates\/about.php","meta":{"_acf_changed":false,"footnotes":""},"class_list":["post-1410","page","type-page","status-publish","hentry"],"acf":[],"_links":{"self":[{"href":"https:\/\/source.votematch.eu\/de\/wp-json\/wp\/v2\/pages\/1410","targetHints":{"allow":["GET"]}}],"collection":[{"href":"https:\/\/source.votematch.eu\/de\/wp-json\/wp\/v2\/pages"}],"about":[{"href":"https:\/\/source.votematch.eu\/de\/wp-json\/wp\/v2\/types\/page"}],"author":[{"embeddable":true,"href":"https:\/\/source.votematch.eu\/de\/wp-json\/wp\/v2\/users\/3"}],"replies":[{"embeddable":true,"href":"https:\/\/source.votematch.eu\/de\/wp-json\/wp\/v2\/comments?post=1410"}],"version-history":[{"count":3,"href":"https:\/\/source.votematch.eu\/de\/wp-json\/wp\/v2\/pages\/1410\/revisions"}],"predecessor-version":[{"id":1432,"href":"https:\/\/source.votematch.eu\/de\/wp-json\/wp\/v2\/pages\/1410\/revisions\/1432"}],"wp:attachment":[{"href":"https:\/\/source.votematch.eu\/de\/wp-json\/wp\/v2\/media?parent=1410"}],"curies":[{"name":"wp","href":"https:\/\/api.w.org\/{rel}","templated":true}]}}