{"id":1408,"date":"2024-05-17T07:48:18","date_gmt":"2024-05-17T07:48:18","guid":{"rendered":"https:\/\/source.votematch.eu\/haeufig-gestellte-fragen\/"},"modified":"2024-05-21T14:20:32","modified_gmt":"2024-05-21T14:20:32","slug":"haeufig-gestellte-fragen","status":"publish","type":"page","link":"https:\/\/source.votematch.eu\/de\/haeufig-gestellte-fragen\/","title":{"rendered":"H\u00e4ufig gestellte Fragen"},"content":{"rendered":"\n<h3 class=\"wp-block-heading\">Was ist VoteMatch Europe?<\/h3>\n\n\n\n<p>VoteMatch Europe ist ein Informationsangebot, um die Parteienlandschaft anderer EU-L\u00e4nder kennenzulernen und die eigene Position mit der Position der Parteien anderer EU-Mitgliedsstaaten vergleichen zu k\u00f6nnen.<\/p>\n\n\n\n<h3 class=\"wp-block-heading\" id=\"mce_2\">Wie wurden die VoteMatch Europe-Thesen erstellt?<\/h3>\n\n\n\n<p>Die teilnehmenden nationalen Partner des Projekts VoteMatch Europe haben im Herbst 2023 und Anfang 2024 eine Liste von 25 gemeinsamen Thesen erstellt, die den Parteien zur Beantwortung vorgelegt wurden. Die gemeinsamen Thesen decken ein breites Spektrum an Themen ab, \u00fcber die das Europ\u00e4ische Parlament entscheiden kann. Die Positionen basieren u.a. auf den Wahlprogrammen der Parteien sowie einer Analyse politischer Diskussionen in den EU-Mitgliedstaaten.<\/p>\n\n\n\n<h3 class=\"wp-block-heading\">Wie wurden die Thesen f\u00fcr den VoteMatch ausgew\u00e4hlt?<\/h3>\n\n\n\n<p>Die teilnehmenden nationalen Partner des VoteMatch Europe-Projekts haben eine Liste mit 25 Thesen erstellt, die ein breites Spektrum an Themen aktueller europ\u00e4ischer Politik abdecken. Sie haben alle Parteien, die an den Europawahlen ihren Landes teilnehmen, gebeten, sich zu diesen Thesen zu positionieren. Jeder nationale Partner erstellt zudem sein eigenes Wahltool (in Deutschland Wahl-O-Mat), in dem mindestens 15 dieser 25 Thesen eingebunden wurden. Die Auswahl der Thesen f\u00fcr jedes nationale Wahltool erfolgt nach Relevanz des Themas f\u00fcr die nationale Debatte sowie nach Unterscheidungsf\u00e4higkeit zwischen den Parteien. Jedes nationale Wahltool enth\u00e4lt zudem zus\u00e4tzliche Thesen, die von der eigenen Redaktion formuliert wurden.<\/p>\n\n\n\n<h3 class=\"wp-block-heading\">VoteMatch Europe: Datenschutzerkl\u00e4rung<\/h3>\n\n\n\n<p>Wir bei VoteMatch Europe nehmen den Schutz Ihrer Daten sehr ernst. Die Verarbeitung personenbezogener Daten durch VoteMatch Europe steht im Einklang mit den Anforderungen der geltenden europ\u00e4ischer Datenschutzgesetze, einschlie\u00dflich der Allgemeinen Datenschutzverordnung. Lesen Sie dazu die vollst\u00e4ndige Datenschutzerkl\u00e4rung f\u00fcr weitere Informationen.<\/p>\n\n\n\n<h3 class=\"wp-block-heading\">Wer finanziert das ProjVoteMatch Europe?<\/h3>\n\n\n\n<p>Jeder nationale Partner finanziert die Entwicklung seiner eigenen Wahltools. VoteMatch Europe wird zum Teil von der Beh\u00f6rde f\u00fcr Europ\u00e4ische Politische Parteien und Europ\u00e4ische Politische Stiftungen sowie dem Europ\u00e4ischen Haus Berlin finanziert. Die \u00fcbrigen Kosten teilen sich die nationalen Partnern untereinander.<\/p>\n\n\n\n<h3 class=\"wp-block-heading\">Ist VoteMatch Europe ein wissenschaftliches Wahltool?<\/h3>\n\n\n\n<p>VoteMatch Europe informiert \u00fcber die Wahlthemen zum Europ\u00e4ischen Parlament und zeigt die Unterschiede zwischen den kandidierenden Parteien in verschiedenen L\u00e4ndern. Es handelt sich nicht um ein wissenschaftliches Instrument. Die angezeigten Ergebnisse sollen als Anregung betrachtet werden, weitere Informationen einzuholen, um eine informierte Wahl zu treffen.<\/p>\n","protected":false},"excerpt":{"rendered":"<p>Was ist VoteMatch Europe? VoteMatch Europe ist ein Informationsangebot, um die Parteienlandschaft anderer EU-L\u00e4nder kennenzulernen und die eigene Position mit der Position der Parteien anderer EU-Mitgliedsstaaten vergleichen zu k\u00f6nnen. Wie wurden die VoteMatch Europe-Thesen erstellt? Die teilnehmenden nationalen Partner des Projekts VoteMatch Europe haben im Herbst 2023 und Anfang 2024 eine Liste von 25 gemeinsamen [&hellip;]<\/p>\n","protected":false},"author":1,"featured_media":0,"parent":0,"menu_order":0,"comment_status":"closed","ping_status":"closed","template":"","meta":{"_acf_changed":false,"footnotes":""},"class_list":["post-1408","page","type-page","status-publish","hentry"],"acf":[],"_links":{"self":[{"href":"https:\/\/source.votematch.eu\/de\/wp-json\/wp\/v2\/pages\/1408","targetHints":{"allow":["GET"]}}],"collection":[{"href":"https:\/\/source.votematch.eu\/de\/wp-json\/wp\/v2\/pages"}],"about":[{"href":"https:\/\/source.votematch.eu\/de\/wp-json\/wp\/v2\/types\/page"}],"author":[{"embeddable":true,"href":"https:\/\/source.votematch.eu\/de\/wp-json\/wp\/v2\/users\/1"}],"replies":[{"embeddable":true,"href":"https:\/\/source.votematch.eu\/de\/wp-json\/wp\/v2\/comments?post=1408"}],"version-history":[{"count":3,"href":"https:\/\/source.votematch.eu\/de\/wp-json\/wp\/v2\/pages\/1408\/revisions"}],"predecessor-version":[{"id":1430,"href":"https:\/\/source.votematch.eu\/de\/wp-json\/wp\/v2\/pages\/1408\/revisions\/1430"}],"wp:attachment":[{"href":"https:\/\/source.votematch.eu\/de\/wp-json\/wp\/v2\/media?parent=1408"}],"curies":[{"name":"wp","href":"https:\/\/api.w.org\/{rel}","templated":true}]}}