{"id":1542,"date":"2024-05-31T20:48:28","date_gmt":"2024-05-31T20:48:28","guid":{"rendered":"https:\/\/source.votematch.eu\/europaparlamentsvalgene\/"},"modified":"2024-05-31T20:48:30","modified_gmt":"2024-05-31T20:48:30","slug":"europaparlamentsvalgene","status":"publish","type":"page","link":"https:\/\/source.votematch.eu\/da\/europaparlamentsvalgene\/","title":{"rendered":"Europaparlamentsvalgene"},"content":{"rendered":"\n<h2 class=\"wp-block-heading\">Hvad stemmer vi p\u00e5 til Europaparlamentsvalget?<\/h2>\n\n<p>Under Europaparlamentsvalget v\u00e6lger borgerne medlemmer af Europaparlamentet (MEP&amp;apos;er). Dette sker hvert femte \u00e5r. De sidste valg fandt sted i 2019, det n\u00e6ste er i \u00e5r fra 6. til 9. juni 2024. Borgerne stemmer p\u00e5 politikere eller et politisk parti til at repr\u00e6sentere dem i Europaparlamentet. De stemmer p\u00e5 partier, der konkurrerer mod hinanden i deres land, de kan ikke stemme p\u00e5 partier i andre europ\u00e6iske lande eller p\u00e5 en europ\u00e6isk liste. Hvert land har et specifikt antal pladser i Europaparlamentet.<\/p>\n\n<h2 class=\"wp-block-heading\">Hvad g\u00f8r Europaparlamentet?<\/h2>\n\n<p>Europaparlamentet er en af de vigtigste institutioner i Den Europ\u00e6iske Union. Sammen med Europa-Kommissionen og R\u00e5det for Den Europ\u00e6iske Union er den ansvarlig for at lave lovgivning, der g\u00e6lder for hele Den Europ\u00e6iske Union. Derudover v\u00e6lger Europaparlamentet formanden for Kommissionen, godkender EU&#8217;s budget sammen med Det Europ\u00e6iske R\u00e5d og har flere andre opgaver.<\/p>\n\n<h2 class=\"wp-block-heading\">Hvordan er Europaparlamentet organiseret?<\/h2>\n\n<p>Europaparlamentet best\u00e5r af maksimalt 750 medlemmer og \u00e9n pr\u00e6sident. Dette tal bestemmes f\u00f8r valget og er sat til 720 medlemmer for den n\u00e6ste valgperiode. Alle medlemmer vil blive valgt under valget i juni. Hvert medlemsland modtager et specifikt antal s\u00e6der baseret p\u00e5 dets befolkningsst\u00f8rrelse. Medlemslande har et minimum af 6 og et maksimum af 96 s\u00e6der i Europaparlamentet. Medlemmer af Europa-Parlamentet (MEP&#8217;er) danner politiske grupper i Parlamentet baseret p\u00e5 f\u00e6lles politiske ideologier snarere end nationalitet. Hver politisk gruppe omfatter derfor MEP&#8217;er fra forskellige medlemslande med lignende politiske holdninger.<\/p>\n\n<h2 class=\"wp-block-heading\">Hvad er europ\u00e6iske partier?<\/h2>\n\n<p>Borgerne kan ikke stemme direkte p\u00e5 europ\u00e6iske partier, men de eksisterer. De fleste nationale partier er tilknyttet et af de ti europ\u00e6iske politiske partier. Disse partier svarer generelt til de politiske grupper i Europaparlamentet, men ikke fuldst\u00e6ndigt. For eksempel er Det Europ\u00e6iske Gr\u00f8nne Parti og Den Europ\u00e6iske Fri Alliance to separate partier, men de danner en gruppe i Parlamentet. Europ\u00e6iske partier har f\u00e5et stigende betydning for koordineringen mellem det nationale og europ\u00e6iske niveau, mellem EU-institutionerne og mellem deres MEP&#8217;er. Gennem europ\u00e6iske partier afstemmes de politiske positioner hos deres MEP&#8217;er, hvilket \u00f8ger deres indflydelse.<\/p>\n","protected":false},"excerpt":{"rendered":"<p>Hvad stemmer vi p\u00e5 til Europaparlamentsvalget? Under Europaparlamentsvalget v\u00e6lger borgerne medlemmer af Europaparlamentet (MEP&amp;apos;er). Dette sker hvert femte \u00e5r. De sidste valg fandt sted i 2019, det n\u00e6ste er i \u00e5r fra 6. til 9. juni 2024. Borgerne stemmer p\u00e5 politikere eller et politisk parti til at repr\u00e6sentere dem i Europaparlamentet. De stemmer p\u00e5 partier, [&hellip;]<\/p>\n","protected":false},"author":3,"featured_media":0,"parent":0,"menu_order":0,"comment_status":"closed","ping_status":"closed","template":"templates\/about.php","meta":{"_acf_changed":false,"footnotes":""},"class_list":["post-1542","page","type-page","status-publish","hentry"],"acf":[],"_links":{"self":[{"href":"https:\/\/source.votematch.eu\/da\/wp-json\/wp\/v2\/pages\/1542","targetHints":{"allow":["GET"]}}],"collection":[{"href":"https:\/\/source.votematch.eu\/da\/wp-json\/wp\/v2\/pages"}],"about":[{"href":"https:\/\/source.votematch.eu\/da\/wp-json\/wp\/v2\/types\/page"}],"author":[{"embeddable":true,"href":"https:\/\/source.votematch.eu\/da\/wp-json\/wp\/v2\/users\/3"}],"replies":[{"embeddable":true,"href":"https:\/\/source.votematch.eu\/da\/wp-json\/wp\/v2\/comments?post=1542"}],"version-history":[{"count":1,"href":"https:\/\/source.votematch.eu\/da\/wp-json\/wp\/v2\/pages\/1542\/revisions"}],"predecessor-version":[{"id":1543,"href":"https:\/\/source.votematch.eu\/da\/wp-json\/wp\/v2\/pages\/1542\/revisions\/1543"}],"wp:attachment":[{"href":"https:\/\/source.votematch.eu\/da\/wp-json\/wp\/v2\/media?parent=1542"}],"curies":[{"name":"wp","href":"https:\/\/api.w.org\/{rel}","templated":true}]}}