{"id":1540,"date":"2024-05-31T20:41:27","date_gmt":"2024-05-31T20:41:27","guid":{"rendered":"https:\/\/source.votematch.eu\/faq\/"},"modified":"2024-05-31T20:41:27","modified_gmt":"2024-05-31T20:41:27","slug":"faq","status":"publish","type":"page","link":"https:\/\/source.votematch.eu\/da\/faq\/","title":{"rendered":"FAQ"},"content":{"rendered":"\n<h3 class=\"wp-block-heading\">Hvad er VoteMatch Europe?<\/h3>\n\n<p>VoteMatch Europe er et v\u00e6rkt\u00f8j, der giver v\u00e6lgerne mulighed for at sammenligne deres politiske holdninger i deres eget land med partier i andre europ\u00e6iske lande. VoteMatch Europe blev f\u00f8rste gang lanceret 2014.<\/p>\n\n<h3 class=\"wp-block-heading\" id=\"mce_2\">Hvordan besluttes emnerne for udsagnene i VoteMatch Europe?<\/h3>\n\n<p>De deltagende nationale partnere i VoteMatch Europe-projektet forberedte en liste med 25 f\u00e6lles udsagn i efter\u00e5ret 2023 og starten af 2024. S\u00e6ttet af f\u00e6lles udsagn d\u00e6kker en bred vifte af politikomr\u00e5der p\u00e5 alle omr\u00e5der, som Europa-Parlamentet tr\u00e6ffer beslutninger om. Udsagnene var baseret p\u00e5 skrivebordsforskning i de vigtige temaer for Europa-Parlamentet i den kommende periode og den politiske relevans af disse sp\u00f8rgsm\u00e5l i de fleste EU-medlemsstater.<\/p>\n\n<h3 class=\"wp-block-heading\">Hvordan er sp\u00f8rgsm\u00e5lene, der indg\u00e5r i VoteMatch&apos;s valgtest, udvalgt?<\/h3>\n\n<p>De forskellige partnere fra de deltagende lande i VoteMatch Europe har udarbejdet 16 udsagn om europ\u00e6isk politik, der s\u00e5 vidt som muligt er relevant i alle medlemslande. Disse udsagn indg\u00e5r s\u00e5 i partnernes forskellige valgtests i de forskellige lande evt sammen med andre mere nationale udsagn.<\/p>\n\n<h3 class=\"wp-block-heading\">Hvordan h\u00e5ndterer VoteMatch Europe privatlivspolitiske rettigheder?<\/h3>\n\n<p>Partnerne i VoteMatch Europe har forpligtet sig til varsom h\u00e5ndtering af privatlivsoplysninger. Du kan l\u00e6se mere i vores &#8220;Privacy statement&#8221;, hvordan vi h\u00e5ndterer brugernes privatlivsoplysninger.&#13;\n<\/p>\n\n<h3 class=\"wp-block-heading\">Hvem har betalt for VoteMatch Europe?<\/h3>\n\n<p>Hver national partner finansierer udviklingen af \u200b\u200bderes egen stemmest\u00f8tteans\u00f8gning (VAA). European VoteMatch er delvist finansieret af Authority for European Political Parties and European Political Foundations og House of Europe i Berlin. \u00d8vrige omkostninger deles af de nationale partnere.<\/p>\n\n<h3 class=\"wp-block-heading\">Er Votematch Europe et videnskabligt v\u00e6rkt\u00f8j?<\/h3>\n\n<p>Votematch Europe informerer borgerne omkring valg til Europa-Parlamentet og viser forskellen mellem de konkurrende partier i forskellige lande. Det er ikke et videnskabeligt redskab. Resultaterne som vises b\u00f8r betragtes som et forslag til v\u00e6lgerne om at ops\u00f8ge viden omkring en velfunderet stemmeafgivelse.<\/p>\n","protected":false},"excerpt":{"rendered":"<p>Hvad er VoteMatch Europe? VoteMatch Europe er et v\u00e6rkt\u00f8j, der giver v\u00e6lgerne mulighed for at sammenligne deres politiske holdninger i deres eget land med partier i andre europ\u00e6iske lande. VoteMatch Europe blev f\u00f8rste gang lanceret 2014. Hvordan besluttes emnerne for udsagnene i VoteMatch Europe? De deltagende nationale partnere i VoteMatch Europe-projektet forberedte en liste med [&hellip;]<\/p>\n","protected":false},"author":1,"featured_media":0,"parent":0,"menu_order":0,"comment_status":"closed","ping_status":"closed","template":"","meta":{"_acf_changed":false,"footnotes":""},"class_list":["post-1540","page","type-page","status-publish","hentry"],"acf":[],"_links":{"self":[{"href":"https:\/\/source.votematch.eu\/da\/wp-json\/wp\/v2\/pages\/1540","targetHints":{"allow":["GET"]}}],"collection":[{"href":"https:\/\/source.votematch.eu\/da\/wp-json\/wp\/v2\/pages"}],"about":[{"href":"https:\/\/source.votematch.eu\/da\/wp-json\/wp\/v2\/types\/page"}],"author":[{"embeddable":true,"href":"https:\/\/source.votematch.eu\/da\/wp-json\/wp\/v2\/users\/1"}],"replies":[{"embeddable":true,"href":"https:\/\/source.votematch.eu\/da\/wp-json\/wp\/v2\/comments?post=1540"}],"version-history":[{"count":1,"href":"https:\/\/source.votematch.eu\/da\/wp-json\/wp\/v2\/pages\/1540\/revisions"}],"predecessor-version":[{"id":1541,"href":"https:\/\/source.votematch.eu\/da\/wp-json\/wp\/v2\/pages\/1540\/revisions\/1541"}],"wp:attachment":[{"href":"https:\/\/source.votematch.eu\/da\/wp-json\/wp\/v2\/media?parent=1540"}],"curies":[{"name":"wp","href":"https:\/\/api.w.org\/{rel}","templated":true}]}}