{"id":1568,"date":"2024-05-31T21:59:33","date_gmt":"2024-05-31T21:59:33","guid":{"rendered":"https:\/\/source.votematch.eu\/volby-do-evropskeho-parlamentu\/"},"modified":"2024-05-31T21:59:34","modified_gmt":"2024-05-31T21:59:34","slug":"volby-do-evropskeho-parlamentu","status":"publish","type":"page","link":"https:\/\/source.votematch.eu\/cs\/volby-do-evropskeho-parlamentu\/","title":{"rendered":"Volby do Evropsk\u00e9ho parlamentu"},"content":{"rendered":"\n<h2 class=\"wp-block-heading\">O \u010dem hlasujeme v Evropsk\u00fdch volb\u00e1ch?<\/h2>\n\n<p>V Evropsk\u00fdch volb\u00e1ch ob\u010dan\u00e9 vol\u00ed poslance Evropsk\u00e9ho parlamentu (EP). Volby se konaj\u00ed ka\u017ed\u00fdch p\u011bt let. Posledn\u00ed volby se konaly v roce 2019, dal\u0161\u00ed se uskute\u010dn\u00ed letos, a to od 6. do 9. \u010dervna 2024.&#13;\nOb\u010dan\u00e9 vol\u00ed politiky nebo politickou stranu, kte\u0159\u00ed je budou zastupovat v Evropsk\u00e9m parlamentu. Hlasuj\u00ed pro strany, kter\u00e9 spolu soupe\u0159\u00ed v jejich zemi, nemohou hlasovat pro strany v jin\u00fdch evropsk\u00fdch zem\u00edch nebo pro evropskou listinu&#8230; Ka\u017ed\u00e1 zem\u011b m\u00e1 v Evropsk\u00e9m parlamentu ur\u010dit\u00fd po\u010det k\u0159esel.<\/p>\n\n<h2 class=\"wp-block-heading\">Co d\u011bl\u00e1 Evropsk\u00fd parlament?<\/h2>\n\n<p>Evropsk\u00fd parlament je jednou z nejd\u016fle\u017eit\u011bj\u0161\u00edch instituc\u00ed Evropsk\u00e9 unie. Spole\u010dn\u011b s Evropskou komis\u00ed a Radou Evropsk\u00e9 unie odpov\u00edd\u00e1 za tvorbu pr\u00e1vn\u00edch p\u0159edpis\u016f, kter\u00e9 se vztahuj\u00ed na celou Evropskou unii. Krom\u011b toho Evropsk\u00fd parlament vol\u00ed p\u0159edsedu Komise, spolu s Evropskou radou schvaluje evropsk\u00fd rozpo\u010det a m\u00e1 \u0159adu dal\u0161\u00edch \u00fakol\u016f.<\/p>\n\n<h2 class=\"wp-block-heading\">Jak je Evropsk\u00fd parlament organizov\u00e1n?<\/h2>\n\n<p>Evropsk\u00fd parlament se skl\u00e1d\u00e1 z maxim\u00e1ln\u011b 750 poslanc\u016f a jednoho p\u0159edsedy. Tento po\u010det je stanoven p\u0159ed volbami a pro p\u0159\u00ed\u0161t\u00ed volebn\u00ed obdob\u00ed je stanoven na 720 \u010dlen\u016f. V\u0161ichni \u010dlenov\u00e9 budou zvoleni b\u011bhem \u010dervnov\u00fdch voleb. Ka\u017ed\u00fd \u010dlensk\u00fd st\u00e1t obdr\u017e\u00ed ur\u010dit\u00fd po\u010det k\u0159esel podle po\u010dtu obyvatel. \u010clensk\u00e9 st\u00e1ty maj\u00ed v Evropsk\u00e9m parlamentu minim\u00e1ln\u011b 6 a maxim\u00e1ln\u011b 96 k\u0159esel. &#13;\nPoslanci Evropsk\u00e9ho parlamentu (EP) tvo\u0159\u00ed v Parlamentu politick\u00e9 skupiny na z\u00e1klad\u011b spole\u010dn\u00fdch politick\u00fdch ideologi\u00ed, nikoliv na z\u00e1klad\u011b st\u00e1tn\u00ed p\u0159\u00edslu\u0161nosti. Ka\u017ed\u00e1 politick\u00e1 skupina tedy zahrnuje poslance z r\u016fzn\u00fdch \u010dlensk\u00fdch st\u00e1t\u016f s podobn\u00fdmi politick\u00fdmi postoji.<\/p>\n\n<h2 class=\"wp-block-heading\">Co jsou evropsk\u00e9 strany?<\/h2>\n\n<p>Ob\u010dan\u00e9 nemohou volit p\u0159\u00edmo evropsk\u00e9 strany, ale ty existuj\u00ed. V\u011bt\u0161ina n\u00e1rodn\u00edch stran je p\u0159idru\u017eena k jedn\u00e9 z deseti evropsk\u00fdch politick\u00fdch stran. Tyto strany obecn\u011b odpov\u00eddaj\u00ed politick\u00fdm skupin\u00e1m v Evropsk\u00e9m parlamentu, ale ne zcela. Nap\u0159\u00edklad Evropsk\u00e1 strana zelen\u00fdch a Evropsk\u00e1 svobodn\u00e1 aliance jsou dv\u011b samostatn\u00e9 strany, ale v parlamentu tvo\u0159\u00ed jednu skupinu. Evropsk\u00e9 strany se st\u00e1vaj\u00ed st\u00e1le d\u016fle\u017eit\u011bj\u0161\u00edmi v koordinaci mezi n\u00e1rodn\u00ed a evropskou \u00farovn\u00ed, mezi institucemi EU a mezi jejich poslanci EP. Prost\u0159ednictv\u00edm evropsk\u00fdch stran se politick\u00e9 postoje jejich europoslanc\u016f sjednocuj\u00ed, co\u017e zvy\u0161uje jejich dopad.<\/p>\n","protected":false},"excerpt":{"rendered":"<p>O \u010dem hlasujeme v Evropsk\u00fdch volb\u00e1ch? V Evropsk\u00fdch volb\u00e1ch ob\u010dan\u00e9 vol\u00ed poslance Evropsk\u00e9ho parlamentu (EP). Volby se konaj\u00ed ka\u017ed\u00fdch p\u011bt let. Posledn\u00ed volby se konaly v roce 2019, dal\u0161\u00ed se uskute\u010dn\u00ed letos, a to od 6. do 9. \u010dervna 2024.&#13; Ob\u010dan\u00e9 vol\u00ed politiky nebo politickou stranu, kte\u0159\u00ed je budou zastupovat v Evropsk\u00e9m parlamentu. Hlasuj\u00ed pro [&hellip;]<\/p>\n","protected":false},"author":3,"featured_media":0,"parent":0,"menu_order":0,"comment_status":"closed","ping_status":"closed","template":"templates\/about.php","meta":{"_acf_changed":false,"footnotes":""},"class_list":["post-1568","page","type-page","status-publish","hentry"],"acf":[],"_links":{"self":[{"href":"https:\/\/source.votematch.eu\/cs\/wp-json\/wp\/v2\/pages\/1568","targetHints":{"allow":["GET"]}}],"collection":[{"href":"https:\/\/source.votematch.eu\/cs\/wp-json\/wp\/v2\/pages"}],"about":[{"href":"https:\/\/source.votematch.eu\/cs\/wp-json\/wp\/v2\/types\/page"}],"author":[{"embeddable":true,"href":"https:\/\/source.votematch.eu\/cs\/wp-json\/wp\/v2\/users\/3"}],"replies":[{"embeddable":true,"href":"https:\/\/source.votematch.eu\/cs\/wp-json\/wp\/v2\/comments?post=1568"}],"version-history":[{"count":1,"href":"https:\/\/source.votematch.eu\/cs\/wp-json\/wp\/v2\/pages\/1568\/revisions"}],"predecessor-version":[{"id":1569,"href":"https:\/\/source.votematch.eu\/cs\/wp-json\/wp\/v2\/pages\/1568\/revisions\/1569"}],"wp:attachment":[{"href":"https:\/\/source.votematch.eu\/cs\/wp-json\/wp\/v2\/media?parent=1568"}],"curies":[{"name":"wp","href":"https:\/\/api.w.org\/{rel}","templated":true}]}}