{"id":1566,"date":"2024-05-31T21:52:27","date_gmt":"2024-05-31T21:52:27","guid":{"rendered":"https:\/\/source.votematch.eu\/caste-dotazy\/"},"modified":"2024-05-31T21:52:27","modified_gmt":"2024-05-31T21:52:27","slug":"caste-dotazy","status":"publish","type":"page","link":"https:\/\/source.votematch.eu\/cs\/caste-dotazy\/","title":{"rendered":"\u010cast\u00e9 dotazy"},"content":{"rendered":"\n<h3 class=\"wp-block-heading\">Co je to VoteMatch Europe?<\/h3>\n\n<p>VoteMatch Europe je n\u00e1stroj pro volby do EU. Pomoc\u00ed tohoto n\u00e1stroje mohou voli\u010di zjistit, kter\u00e9 politick\u00e9 strany v EU nejl\u00e9pe odpov\u00eddaj\u00ed jejich vlastn\u00edm n\u00e1zor\u016fm. C\u00edlem n\u00e1stroje VoteMatch Europe je informovat ob\u010dany o postoj\u00edch politick\u00fdch stran p\u0159ed volbami do Evropsk\u00e9ho parlamentu.&#13;\n<\/p>\n\n<h3 class=\"wp-block-heading\" id=\"mce_2\">Jak se vyb\u00edraj\u00ed t\u00e9mata ot\u00e1zek VoteMatch Europe?<\/h3>\n\n<p>Z\u00fa\u010dastn\u011bn\u00ed n\u00e1rodn\u00ed partne\u0159i projektu VoteMatch Europe p\u0159ipravili b\u011bhem podzimu 2023 a za\u010d\u00e1tku roku 2024 seznam 25 spole\u010dn\u00fdch ot\u00e1zek. Soubor spole\u010dn\u00fdch v\u00fdrok\u016f pokr\u00fdv\u00e1 \u0161irokou \u0161k\u00e1lu politick\u00fdch ot\u00e1zek ve v\u0161ech oblastech, o kter\u00fdch rozhoduje Evropsk\u00fd parlament. Ot\u00e1zky vych\u00e1zely z desk researche d\u016fle\u017eit\u00fdch t\u00e9mat pro Evropsk\u00fd parlament v nadch\u00e1zej\u00edc\u00edm obdob\u00ed a politick\u00e9 relevance t\u011bchto ot\u00e1zek ve v\u011bt\u0161in\u011b \u010dlensk\u00fdch st\u00e1t\u016f EU.&#13;\n<\/p>\n\n<h3 class=\"wp-block-heading\">Jak se vyb\u00edraj\u00ed ot\u00e1zky pro VoteMatch Europe?<\/h3>\n\n<p>Z\u00fa\u010dastn\u011bn\u00ed n\u00e1rodn\u00ed partne\u0159i projektu VoteMatch Europe sestavili seznam 25 v\u00fdrok\u016f, kter\u00e9 pokr\u00fdvaj\u00ed \u0161irokou \u0161k\u00e1lu aktu\u00e1ln\u00edch t\u00e9mat a ot\u00e1zek. Po\u017e\u00e1dali v\u0161echny strany, kter\u00e9 se \u00fa\u010dastn\u00ed evropsk\u00fdch voleb v jejich zemi, aby na tato prohl\u00e1\u0161en\u00ed reagovaly.<\/p>\n\n<h3 class=\"wp-block-heading\">Jak se VoteMatch Europe vypo\u0159\u00e1d\u00e1v\u00e1 s po\u017eadavky na ochranu osobn\u00edch \u00fadaj\u016f?<\/h3>\n\n<p>Ve spole\u010dnosti VoteMatch Europe bereme va\u0161e soukrom\u00ed velmi v\u00e1\u017en\u011b. Va\u0161e \u00fadaje jsou zpracov\u00e1v\u00e1ny bezpe\u010dn\u00fdm zp\u016fsobem a pokud mo\u017eno anonymizov\u00e1ny. Zpracov\u00e1n\u00ed osobn\u00edch \u00fadaj\u016f spole\u010dnost\u00ed VoteMatch Europe je v souladu s po\u017eadavky platn\u00fdch pr\u00e1vn\u00edch p\u0159edpis\u016f o ochran\u011b osobn\u00edch \u00fadaj\u016f, v\u010detn\u011b obecn\u00e9ho na\u0159\u00edzen\u00ed o ochran\u011b osobn\u00edch \u00fadaj\u016f. Pro v\u00edce informac\u00ed si p\u0159e\u010dt\u011bte cel\u00e9 prohl\u00e1\u0161en\u00ed o ochran\u011b osobn\u00edch \u00fadaj\u016f [link].<\/p>\n\n<h3 class=\"wp-block-heading\">Kdo financuje VoteMatch Europe?<\/h3>\n\n<p>Ka\u017ed\u00fd n\u00e1rodn\u00ed partner financuje v\u00fdvoj sv\u00e9 vlastn\u00ed aplikace pro hlasov\u00e1n\u00ed (VAA). Evropsk\u00fd VoteMatch je \u010d\u00e1ste\u010dn\u011b financov\u00e1n \u00da\u0159adem pro evropsk\u00e9 politick\u00e9 strany a evropsk\u00e9 politick\u00e9 nadace a Domem Evropy v Berl\u00edn\u011b. O ostatn\u00ed n\u00e1klady se d\u011bl\u00ed n\u00e1rodn\u00ed partne\u0159i.<\/p>\n\n<h3 class=\"wp-block-heading\">Je VoteMatch Europe v\u011bdeck\u00fd n\u00e1stroj?<\/h3>\n\n<p>VoteMatch Europe informuje ob\u010dany o volb\u00e1ch do Evropsk\u00e9ho parlamentu a ukazuje rozd\u00edly mezi sout\u011b\u017e\u00edc\u00edmi stranami v r\u016fzn\u00fdch zem\u00edch. Nejedn\u00e1 se o v\u011bdeck\u00fd n\u00e1stroj. Zobrazen\u00e9 v\u00fdsledky by m\u011bly b\u00fdt pova\u017eov\u00e1ny za podn\u011bt pro voli\u010de, aby zah\u00e1jili vlastn\u00ed pr\u016fzkum sm\u011b\u0159uj\u00edc\u00ed k informovan\u00e9mu hlasov\u00e1n\u00ed.<\/p>\n","protected":false},"excerpt":{"rendered":"<p>Co je to VoteMatch Europe? VoteMatch Europe je n\u00e1stroj pro volby do EU. Pomoc\u00ed tohoto n\u00e1stroje mohou voli\u010di zjistit, kter\u00e9 politick\u00e9 strany v EU nejl\u00e9pe odpov\u00eddaj\u00ed jejich vlastn\u00edm n\u00e1zor\u016fm. C\u00edlem n\u00e1stroje VoteMatch Europe je informovat ob\u010dany o postoj\u00edch politick\u00fdch stran p\u0159ed volbami do Evropsk\u00e9ho parlamentu.&#13; Jak se vyb\u00edraj\u00ed t\u00e9mata ot\u00e1zek VoteMatch Europe? Z\u00fa\u010dastn\u011bn\u00ed n\u00e1rodn\u00ed partne\u0159i [&hellip;]<\/p>\n","protected":false},"author":1,"featured_media":0,"parent":0,"menu_order":0,"comment_status":"closed","ping_status":"closed","template":"","meta":{"_acf_changed":false,"footnotes":""},"class_list":["post-1566","page","type-page","status-publish","hentry"],"acf":[],"_links":{"self":[{"href":"https:\/\/source.votematch.eu\/cs\/wp-json\/wp\/v2\/pages\/1566","targetHints":{"allow":["GET"]}}],"collection":[{"href":"https:\/\/source.votematch.eu\/cs\/wp-json\/wp\/v2\/pages"}],"about":[{"href":"https:\/\/source.votematch.eu\/cs\/wp-json\/wp\/v2\/types\/page"}],"author":[{"embeddable":true,"href":"https:\/\/source.votematch.eu\/cs\/wp-json\/wp\/v2\/users\/1"}],"replies":[{"embeddable":true,"href":"https:\/\/source.votematch.eu\/cs\/wp-json\/wp\/v2\/comments?post=1566"}],"version-history":[{"count":1,"href":"https:\/\/source.votematch.eu\/cs\/wp-json\/wp\/v2\/pages\/1566\/revisions"}],"predecessor-version":[{"id":1567,"href":"https:\/\/source.votematch.eu\/cs\/wp-json\/wp\/v2\/pages\/1566\/revisions\/1567"}],"wp:attachment":[{"href":"https:\/\/source.votematch.eu\/cs\/wp-json\/wp\/v2\/media?parent=1566"}],"curies":[{"name":"wp","href":"https:\/\/api.w.org\/{rel}","templated":true}]}}